{"id":359007,"date":"2024-06-06T14:28:17","date_gmt":"2024-06-06T14:28:17","guid":{"rendered":"https:\/\/comparison.verteco.shop\/srovnavaci-nakupni-sluzba-verteco-shop\/"},"modified":"2024-09-19T16:48:50","modified_gmt":"2024-09-19T16:48:50","slug":"srovnavaci-nakupni-sluzba-verteco-shop","status":"publish","type":"page","link":"https:\/\/comparison.verteco.shop\/cs\/","title":{"rendered":"srovn\u00e1vac\u00ed n\u00e1kupn\u00ed slu\u017eba verteco.shop"},"content":{"rendered":"\n<hr class=\"wp-block-separator has-alpha-channel-opacity\"\/>\n\n<p class=\"has-text-align-center\"><strong>Prozkoumejte miliony produkt\u016f z tis\u00edc\u016f evropsk\u00fdch obchod\u016f!<\/strong><\/p>\n\n<section class=\"top-page-search-button\">\n    <form action=\"\/?s=\" method=\"get\">\n        <input type=\"text\" name=\"s\" placeholder=\"Search\"\/>\n        <button type=\"submit\">Search<\/button>\n    <\/form>\n<\/section>\n\n<style>\n    .top-page-search-button {\n        display: flex;\n        align-items: center;\n        justify-content: center;\n        height: 10vh;\n    }\n\n    .top-page-search-button form {\n        display: flex;\n        align-items: center;\n        flex-direction: column; \/* Centers elements in a column *\/\n    }\n\n    .top-page-search-button input[type=\"text\"] {\n        width: 300px;\n        padding: 10px;\n        font-size: 18px;\n        border: 2px solid #ccc;\n        border-radius: 5px;\n        margin-bottom: 10px; \/* Add space below the input *\/\n    }\n\n    .top-page-search-button button {\n        padding: 10px 20px;\n        font-size: 18px;\n        background-color: #F2A93B;\n        color: white;\n        border: none;\n        border-radius: 5px;\n        cursor: pointer;\n        transition: background-color 0.3s ease;\n    }\n\n    .top-page-search-button button:hover {\n        background-color: #0056b3;\n    }\n<\/style>\n\n<main class=\"comparison-main\"><div class=\"comparison-content\"><section class=\"discount-section\"><img decoding=\"async\" src=\"https:\/\/comparison.verteco.shop\/wp-content\/uploads\/2024\/06\/google-css-partner-logo.png\" alt=\"Google CSS Partner\"\/><p>Get a discount of up to 20% on Google Shopping ads<\/p><div class=\"discount\">20%<\/div><p><a target=\"_blank\" rel=\"noopener noreferrer\" href=\"https:\/\/verteco.shop\/en\/\"><button>Learn more<\/button><\/a><\/p><\/section><section class=\"search-section\"><h1>Price comparison<\/h1><p>Find the best price for thousands of products from hundreds of stores.<\/p><form action=\"\/?s=\" method=\"get\"><input type=\"text\" name=\"s\" placeholder=\"Search\"\/><button type=\"submit\">Search<\/button><\/form><\/section><\/div><\/main><style>.comparison-body, .comparison-html {\n        margin: 0;\n        padding: 0;\n        font-family: 'Arial', sans-serif;\n        background-color: #f8f8f8;\n    }\n    .video-section {\n        display: flex;\n        align-items: center;\n        justify-content: center;\n        height: 100%;\n        padding-top: 10px;\n        padding-bottom: 1px;\n    }\n    .comparison-main {\n        display: flex;\n        justify-content: center;\n        align-items: center;\n        padding: 20px;\n    }\n    .comparison-content {\n        max-width: 1200px;\n        width: 100%;\n        display: grid;\n        grid-template-columns: 1fr;\n        gap: 20px;\n    }\n    .discount-section, .search-section {\n        background-color: white;\n        text-align: center;\n        padding: 20px;\n        border-radius: 8px;\n        box-shadow: 0 4px 8px rgba(0,0,0,0.1);\n    }\n    .discount-section img {\n        max-width: 100px;\n        margin-bottom: 20px;\n    }\n    .discount-section p {\n        margin-bottom: 10px;\n        font-size: 1.2em;\n    }\n    .discount {\n        font-size: 3em;\n        font-weight: bold;\n        color: #E6B05F;\n        margin: 20px 0;\n    }\n    .discount-section button {\n        background-color: #E6B05F;\n        color: white;\n        border: none;\n        padding: 10px 20px;\n        border-radius: 4px;\n        cursor: pointer;\n        font-size: 1em;\n    }\n    .search-section h1 {\n        color: #333;\n        margin-bottom: 10px;\n    }\n    .search-section p {\n        margin-bottom: 20px;\n        color: #666;\n    }\n    .search-section form {\n        display: flex;\n        flex-direction: column;\n        gap: 10px;\n    }\n    .search-section input[type=\"text\"] {\n        flex-grow: 1;\n        padding: 10px;\n        border: 1px solid #ddd;\n        border-radius: 4px;\n    }\n    .search-section button {\n        background-color: #E6B05F;\n        color: white;\n        border: none;\n        padding: 10px;\n        border-radius: 4px;\n        cursor: pointer;\n        font-size: 1em;\n    }\n\n    @media (min-width: 768px) {\n        .comparison-content {\n            grid-template-columns: repeat(2, 1fr);\n        }\n        .search-section form {\n            flex-direction: row;\n        }\n    }\n<\/style>\n\n<p><strong>V\u00edtejte na str\u00e1nk\u00e1ch comparison.verteco.shop<\/strong><\/p>\n\n<p>Objevte bezprobl\u00e9mov\u00fd zp\u016fsob vyhled\u00e1v\u00e1n\u00ed a porovn\u00e1v\u00e1n\u00ed produkt\u016f od r\u016fzn\u00fdch obchodn\u00edk\u016f na jednom m\u00edst\u011b. Na\u0161e platforma CSS (Comparison Shopping Service) umo\u017e\u0148uje snadn\u011bji ne\u017e kdykoli p\u0159edt\u00edm vyhled\u00e1vat nejlep\u0161\u00ed nab\u00eddky a \u010dinit informovan\u00e1 n\u00e1kupn\u00ed rozhodnut\u00ed.<\/p>\n\n<p><strong>Vyhled\u00e1v\u00e1n\u00ed a porovn\u00e1v\u00e1n\u00ed<\/strong><\/p>\n\n<p>Pomoc\u00ed pokro\u010dil\u00e9ho vyhled\u00e1v\u00e1n\u00ed m\u016f\u017eete prozkoumat tis\u00edce produkt\u016f z \u0161irok\u00e9 \u0161k\u00e1ly kategori\u00ed. Porovnejte ceny, p\u0159e\u010dt\u011bte si recenze a najd\u011bte nejlep\u0161\u00ed nab\u00eddky r\u016fzn\u00fdch obchodn\u00edk\u016f, kter\u00e9 se pohodln\u011b zobrazuj\u00ed na na\u0161ich str\u00e1nk\u00e1ch.<\/p>\n\n<p><strong>U\u0161et\u0159ete v\u00edce s na\u0161\u00edm programem CSS<\/strong><\/p>\n\n<p>Pomoc\u00ed na\u0161\u00ed platformy CSS m\u016f\u017eete dos\u00e1hnout v\u00fdrazn\u00fdch \u00faspor v oblasti n\u00e1kupn\u00edch reklam Google. D\u00edky efektivit\u011b na\u0161eho programu CSS m\u016f\u017eete vyu\u017e\u00edvat a\u017e o 20 % vy\u0161\u0161\u00ed n\u00e1v\u0161t\u011bvnost bez nav\u00fd\u0161en\u00ed rozpo\u010dtu na reklamu.<\/p>\n\n<p><strong>Jak funguje na\u0161e platforma CSS<\/strong><\/p>\n\n<p>Spole\u010dnost Google vytvo\u0159ila slu\u017ebu Comparison Shopping Service (CSS) v roce 2017, aby zpest\u0159ila v\u00fdsledky vyhled\u00e1v\u00e1n\u00ed pro reklamy s v\u00fdpisem produkt\u016f (PLA), zn\u00e1m\u00e9 tak\u00e9 jako Google Shopping Ads. Na\u0161e platforma CSS vyu\u017e\u00edv\u00e1 tento syst\u00e9m k efektivn\u011bj\u0161\u00ed prezentaci va\u0161ich produkt\u016f a p\u0159edstavuje n\u00e1kladov\u011b efektivn\u00ed alternativu k tradi\u010dn\u00edm n\u00e1kup\u016fm Google.<\/p>\n\n<p><strong>Pro\u010d si vybrat Comparison.verteco.shop?<\/strong><\/p>\n\n<ul class=\"wp-block-list\">\n<li><strong>Komplexn\u00ed seznamy produkt\u016f:<\/strong> P\u0159\u00edstup k \u0161irok\u00e9 \u0161k\u00e1le produkt\u016f od r\u016fzn\u00fdch obchodn\u00edk\u016f, v\u0161e na jednom m\u00edst\u011b.<\/li>\n\n\n\n<li><strong>\u00daspora n\u00e1klad\u016f:<\/strong> U\u0161et\u0159ete a\u017e 20 % n\u00e1klad\u016f na n\u00e1kupn\u00ed inzer\u00e1ty Google pomoc\u00ed na\u0161eho programu CSS.<\/li>\n\n\n\n<li><strong>U\u017eivatelsky p\u0159\u00edv\u011btiv\u00e9 rozhran\u00ed:<\/strong> Na\u0161e platforma je navr\u017eena tak, aby umo\u017e\u0148ovala snadnou navigaci a usnad\u0148ovala vyhled\u00e1v\u00e1n\u00ed a porovn\u00e1v\u00e1n\u00ed produkt\u016f.<\/li>\n\n\n\n<li><strong>D\u016fv\u011bryhodn\u00ed obchodn\u00edci:<\/strong> Spolupracujeme se spolehliv\u00fdmi obchodn\u00edky, abychom v\u00e1m zajistili p\u0159\u00edstup k vysoce kvalitn\u00edm produkt\u016fm a d\u016fv\u011bryhodn\u00fdm slu\u017eb\u00e1m.<\/li>\n<\/ul>\n\n<p><strong>Za\u010dn\u011bte s Comparison.verteco.shop<\/strong><\/p>\n\n<ol class=\"wp-block-list\">\n<li><strong>Vyhled\u00e1v\u00e1n\u00ed produkt\u016f:<\/strong> Pou\u017eijte n\u00e1\u0161 vyhled\u00e1vac\u00ed panel k nalezen\u00ed po\u017eadovan\u00fdch produkt\u016f.<\/li>\n\n\n\n<li><strong>Porovn\u00e1n\u00ed cen a funkc\u00ed:<\/strong> Zobrazit podrobn\u00e9 informace o produktu a porovnat nab\u00eddky r\u016fzn\u00fdch obchodn\u00edk\u016f.<\/li>\n\n\n\n<li><strong>U\u0161et\u0159ete na n\u00e1kupech:<\/strong> Vyu\u017eijte nejlep\u0161\u00ed nab\u00eddky a v\u00fdrazn\u011b u\u0161et\u0159ete na sv\u00fdch n\u00e1kupech.<\/li>\n<\/ol>\n\n<p><strong>P\u0159ipojte se k na\u0161\u00ed komunit\u011b<\/strong><\/p>\n\n<p>Zaregistrujte se je\u0161t\u011b dnes a za\u010dn\u011bte \u0161et\u0159it na n\u00e1kupech. A\u0165 u\u017e jste spot\u0159ebitel, kter\u00fd hled\u00e1 nejv\u00fdhodn\u011bj\u0161\u00ed nab\u00eddky, nebo obchodn\u00edk, kter\u00fd chce prezentovat sv\u00e9 produkty, Comparison.verteco.shop je pro v\u00e1s ide\u00e1ln\u00ed platformou.<\/p>\n\n<p><strong>Kontaktujte n\u00e1s<\/strong><\/p>\n\n<p>Pokud m\u00e1te jak\u00e9koli dotazy nebo pot\u0159ebujete pomoc, obra\u0165te se na n\u00e1\u0161 t\u00fdm podpory. Jsme zde, abychom v\u00e1m pomohli co nejl\u00e9pe vyu\u017e\u00edt na\u0161i platformu CSS.<\/p>\n\n<p><strong>Z\u016fsta\u0148te ve spojen\u00ed<\/strong><\/p>\n\n<p>Sledujte n\u00e1s na soci\u00e1ln\u00edch s\u00edt\u00edch a p\u0159ihlaste se k odb\u011bru na\u0161eho newsletteru, abyste byli informov\u00e1ni o nejnov\u011bj\u0161\u00edch nab\u00eddk\u00e1ch a srovn\u00e1n\u00edch produkt\u016f.<\/p>\n","protected":false},"excerpt":{"rendered":"<p>Prozkoumejte miliony produkt\u016f z tis\u00edc\u016f evropsk\u00fdch obchod\u016f! Search Get a discount of up to 20% on Google Shopping ads 20% Learn more Price comparison Find the best price for thousands of products from hundreds of stores. Search V\u00edtejte na str\u00e1nk\u00e1ch comparison.verteco.shop Objevte bezprobl\u00e9mov\u00fd zp\u016fsob vyhled\u00e1v\u00e1n\u00ed a porovn\u00e1v\u00e1n\u00ed produkt\u016f od r\u016fzn\u00fdch obchodn\u00edk\u016f na jednom m\u00edst\u011b. Na\u0161e [&hellip;]<\/p>\n","protected":false},"author":1,"featured_media":0,"parent":0,"menu_order":0,"comment_status":"closed","ping_status":"closed","template":"","meta":{"footnotes":""},"class_list":["post-359007","page","type-page","status-publish","hentry"],"_links":{"self":[{"href":"https:\/\/comparison.verteco.shop\/cs\/wp-json\/wp\/v2\/pages\/359007","targetHints":{"allow":["GET"]}}],"collection":[{"href":"https:\/\/comparison.verteco.shop\/cs\/wp-json\/wp\/v2\/pages"}],"about":[{"href":"https:\/\/comparison.verteco.shop\/cs\/wp-json\/wp\/v2\/types\/page"}],"author":[{"embeddable":true,"href":"https:\/\/comparison.verteco.shop\/cs\/wp-json\/wp\/v2\/users\/1"}],"replies":[{"embeddable":true,"href":"https:\/\/comparison.verteco.shop\/cs\/wp-json\/wp\/v2\/comments?post=359007"}],"version-history":[{"count":2,"href":"https:\/\/comparison.verteco.shop\/cs\/wp-json\/wp\/v2\/pages\/359007\/revisions"}],"predecessor-version":[{"id":359040,"href":"https:\/\/comparison.verteco.shop\/cs\/wp-json\/wp\/v2\/pages\/359007\/revisions\/359040"}],"wp:attachment":[{"href":"https:\/\/comparison.verteco.shop\/cs\/wp-json\/wp\/v2\/media?parent=359007"}],"curies":[{"name":"wp","href":"https:\/\/api.w.org\/{rel}","templated":true}]}}