{"id":359009,"date":"2024-06-06T14:28:17","date_gmt":"2024-06-06T14:28:17","guid":{"rendered":"https:\/\/comparison.verteco.shop\/verteco-shop-sammenligningstjeneste-for-shopping\/"},"modified":"2024-09-19T16:48:51","modified_gmt":"2024-09-19T16:48:51","slug":"verteco-shop-sammenligningstjeneste-for-shopping","status":"publish","type":"page","link":"https:\/\/comparison.verteco.shop\/da\/","title":{"rendered":"verteco.shop sammenligningstjeneste for shopping"},"content":{"rendered":"\n<hr class=\"wp-block-separator has-alpha-channel-opacity\"\/>\n\n<p class=\"has-text-align-center\"><strong>Udforsk millioner af produkter fra tusindvis af europ\u00e6iske butikker!<\/strong><\/p>\n\n<section class=\"top-page-search-button\">\n    <form action=\"\/?s=\" method=\"get\">\n        <input type=\"text\" name=\"s\" placeholder=\"Search\"\/>\n        <button type=\"submit\">Search<\/button>\n    <\/form>\n<\/section>\n\n<style>\n    .top-page-search-button {\n        display: flex;\n        align-items: center;\n        justify-content: center;\n        height: 10vh;\n    }\n\n    .top-page-search-button form {\n        display: flex;\n        align-items: center;\n        flex-direction: column; \/* Centers elements in a column *\/\n    }\n\n    .top-page-search-button input[type=\"text\"] {\n        width: 300px;\n        padding: 10px;\n        font-size: 18px;\n        border: 2px solid #ccc;\n        border-radius: 5px;\n        margin-bottom: 10px; \/* Add space below the input *\/\n    }\n\n    .top-page-search-button button {\n        padding: 10px 20px;\n        font-size: 18px;\n        background-color: #F2A93B;\n        color: white;\n        border: none;\n        border-radius: 5px;\n        cursor: pointer;\n        transition: background-color 0.3s ease;\n    }\n\n    .top-page-search-button button:hover {\n        background-color: #0056b3;\n    }\n<\/style>\n\n<main class=\"comparison-main\"><div class=\"comparison-content\"><section class=\"discount-section\"><img decoding=\"async\" src=\"https:\/\/comparison.verteco.shop\/wp-content\/uploads\/2024\/06\/google-css-partner-logo.png\" alt=\"Google CSS Partner\"\/><p>Get a discount of up to 20% on Google Shopping ads<\/p><div class=\"discount\">20%<\/div><p><a target=\"_blank\" rel=\"noopener noreferrer\" href=\"https:\/\/verteco.shop\/en\/\"><button>Learn more<\/button><\/a><\/p><\/section><section class=\"search-section\"><h1>Price comparison<\/h1><p>Find the best price for thousands of products from hundreds of stores.<\/p><form action=\"\/?s=\" method=\"get\"><input type=\"text\" name=\"s\" placeholder=\"Search\"\/><button type=\"submit\">Search<\/button><\/form><\/section><\/div><\/main><style>.comparison-body, .comparison-html {\n        margin: 0;\n        padding: 0;\n        font-family: 'Arial', sans-serif;\n        background-color: #f8f8f8;\n    }\n    .video-section {\n        display: flex;\n        align-items: center;\n        justify-content: center;\n        height: 100%;\n        padding-top: 10px;\n        padding-bottom: 1px;\n    }\n    .comparison-main {\n        display: flex;\n        justify-content: center;\n        align-items: center;\n        padding: 20px;\n    }\n    .comparison-content {\n        max-width: 1200px;\n        width: 100%;\n        display: grid;\n        grid-template-columns: 1fr;\n        gap: 20px;\n    }\n    .discount-section, .search-section {\n        background-color: white;\n        text-align: center;\n        padding: 20px;\n        border-radius: 8px;\n        box-shadow: 0 4px 8px rgba(0,0,0,0.1);\n    }\n    .discount-section img {\n        max-width: 100px;\n        margin-bottom: 20px;\n    }\n    .discount-section p {\n        margin-bottom: 10px;\n        font-size: 1.2em;\n    }\n    .discount {\n        font-size: 3em;\n        font-weight: bold;\n        color: #E6B05F;\n        margin: 20px 0;\n    }\n    .discount-section button {\n        background-color: #E6B05F;\n        color: white;\n        border: none;\n        padding: 10px 20px;\n        border-radius: 4px;\n        cursor: pointer;\n        font-size: 1em;\n    }\n    .search-section h1 {\n        color: #333;\n        margin-bottom: 10px;\n    }\n    .search-section p {\n        margin-bottom: 20px;\n        color: #666;\n    }\n    .search-section form {\n        display: flex;\n        flex-direction: column;\n        gap: 10px;\n    }\n    .search-section input[type=\"text\"] {\n        flex-grow: 1;\n        padding: 10px;\n        border: 1px solid #ddd;\n        border-radius: 4px;\n    }\n    .search-section button {\n        background-color: #E6B05F;\n        color: white;\n        border: none;\n        padding: 10px;\n        border-radius: 4px;\n        cursor: pointer;\n        font-size: 1em;\n    }\n\n    @media (min-width: 768px) {\n        .comparison-content {\n            grid-template-columns: repeat(2, 1fr);\n        }\n        .search-section form {\n            flex-direction: row;\n        }\n    }\n<\/style>\n\n<p><strong>Velkommen til comparison.verteco.shop<\/strong><\/p>\n\n<p>Oplev en problemfri m\u00e5de at s\u00f8ge efter og sammenligne produkter fra flere forhandlere p\u00e5 \u00e9t sted. Vores Comparison Shopping Service (CSS)-platform g\u00f8r det nemmere end nogensinde at finde de bedste tilbud og tr\u00e6ffe informerede k\u00f8bsbeslutninger.<\/p>\n\n<p><strong>S\u00f8g og sammenlign<\/strong><\/p>\n\n<p>Brug vores avancerede s\u00f8gefunktion til at udforske tusindvis af produkter fra en lang r\u00e6kke kategorier. Sammenlign priser, l\u00e6s anmeldelser, og find de bedste tilbud fra forskellige forhandlere, som alle vises p\u00e5 vores side.<\/p>\n\n<p><strong>Spar mere med vores CSS-program<\/strong><\/p>\n\n<p>Ved at bruge vores CSS-platform kan du opn\u00e5 betydelige besparelser p\u00e5 Google Shopping Ads. F\u00e5 op til 20 % mere trafik uden at \u00f8ge dit reklamebudget takket v\u00e6re effektiviteten i vores CSS-program.<\/p>\n\n<p><strong>S\u00e5dan fungerer vores CSS-platform<\/strong><\/p>\n\n<p>Google oprettede Comparison Shopping Service (CSS) i 2017 for at diversificere s\u00f8geresultaterne for Product Listing Ads (PLA&#8217;er), ogs\u00e5 kendt som Google Shopping Ads. Vores CSS-platform udnytter dette system til at fremvise dine produkter mere effektivt og giver et omkostningseffektivt alternativ til traditionel Google Shopping.<\/p>\n\n<p><strong>Hvorfor v\u00e6lge Comparison.verteco.shop?<\/strong><\/p>\n\n<ul class=\"wp-block-list\">\n<li><strong>Omfattende produktlister:<\/strong> F\u00e5 adgang til en bred vifte af produkter fra flere forhandlere, alt sammen p\u00e5 \u00e9t sted.<\/li>\n\n\n\n<li><strong>Besparelser p\u00e5 omkostninger:<\/strong> Spar op til 20 % p\u00e5 dine Google Shopping-annoncer ved at bruge vores CSS-program.<\/li>\n\n\n\n<li><strong>Brugervenlig gr\u00e6nseflade:<\/strong> Vores platform er designet til nem navigation, s\u00e5 det er nemt at finde og sammenligne produkter.<\/li>\n\n\n\n<li><strong>Betroede forhandlere:<\/strong> Vi samarbejder med p\u00e5lidelige forhandlere for at sikre, at du har adgang til produkter af h\u00f8j kvalitet og p\u00e5lidelige tjenester.<\/li>\n<\/ul>\n\n<p><strong>Kom i gang med Comparison.verteco.shop<\/strong><\/p>\n\n<ol class=\"wp-block-list\">\n<li><strong>S\u00f8g efter produkter:<\/strong> Brug vores s\u00f8gefelt til at finde de produkter, du har brug for.<\/li>\n\n\n\n<li><strong>Sammenlign priser og funktioner:<\/strong> Se detaljerede produktoplysninger, og sammenlign tilbud fra forskellige forhandlere.<\/li>\n\n\n\n<li><strong>Spar p\u00e5 indk\u00f8b:<\/strong> Udnyt de bedste tilbud og f\u00e5 store besparelser p\u00e5 dine indk\u00f8b.<\/li>\n<\/ol>\n\n<p><strong>Bliv en del af vores f\u00e6llesskab<\/strong><\/p>\n\n<p>Tilmeld dig i dag og begynd at spare p\u00e5 dine indk\u00f8b. Uanset om du er en forbruger, der leder efter de bedste tilbud, eller en forhandler, der \u00f8nsker at fremvise dine produkter, er Comparison.verteco.shop den ideelle platform for dig.<\/p>\n\n<p><strong>Kontakt os<\/strong><\/p>\n\n<p>Hvis du har sp\u00f8rgsm\u00e5l eller brug for hj\u00e6lp, er du velkommen til at kontakte vores supportteam. Vi er her for at hj\u00e6lpe dig med at f\u00e5 mest muligt ud af vores CSS-platform.<\/p>\n\n<p><strong>Hold forbindelsen<\/strong><\/p>\n\n<p>F\u00f8lg os p\u00e5 de sociale medier, og tilmeld dig vores nyhedsbrev for at holde dig opdateret om de seneste tilbud og produktsammenligninger.<\/p>\n","protected":false},"excerpt":{"rendered":"<p>Udforsk millioner af produkter fra tusindvis af europ\u00e6iske butikker! Search Get a discount of up to 20% on Google Shopping ads 20% Learn more Price comparison Find the best price for thousands of products from hundreds of stores. Search Velkommen til comparison.verteco.shop Oplev en problemfri m\u00e5de at s\u00f8ge efter og sammenligne produkter fra flere forhandlere [&hellip;]<\/p>\n","protected":false},"author":1,"featured_media":0,"parent":0,"menu_order":0,"comment_status":"closed","ping_status":"closed","template":"","meta":{"footnotes":""},"class_list":["post-359009","page","type-page","status-publish","hentry"],"_links":{"self":[{"href":"https:\/\/comparison.verteco.shop\/da\/wp-json\/wp\/v2\/pages\/359009","targetHints":{"allow":["GET"]}}],"collection":[{"href":"https:\/\/comparison.verteco.shop\/da\/wp-json\/wp\/v2\/pages"}],"about":[{"href":"https:\/\/comparison.verteco.shop\/da\/wp-json\/wp\/v2\/types\/page"}],"author":[{"embeddable":true,"href":"https:\/\/comparison.verteco.shop\/da\/wp-json\/wp\/v2\/users\/1"}],"replies":[{"embeddable":true,"href":"https:\/\/comparison.verteco.shop\/da\/wp-json\/wp\/v2\/comments?post=359009"}],"version-history":[{"count":2,"href":"https:\/\/comparison.verteco.shop\/da\/wp-json\/wp\/v2\/pages\/359009\/revisions"}],"predecessor-version":[{"id":359041,"href":"https:\/\/comparison.verteco.shop\/da\/wp-json\/wp\/v2\/pages\/359009\/revisions\/359041"}],"wp:attachment":[{"href":"https:\/\/comparison.verteco.shop\/da\/wp-json\/wp\/v2\/media?parent=359009"}],"curies":[{"name":"wp","href":"https:\/\/api.w.org\/{rel}","templated":true}]}}