{"id":359013,"date":"2024-06-06T14:28:17","date_gmt":"2024-06-06T14:28:17","guid":{"rendered":"https:\/\/comparison.verteco.shop\/servicio-de-comparacion-de-compras-verteco-shop\/"},"modified":"2024-09-19T16:48:54","modified_gmt":"2024-09-19T16:48:54","slug":"servicio-de-comparacion-de-compras-verteco-shop","status":"publish","type":"page","link":"https:\/\/comparison.verteco.shop\/es\/","title":{"rendered":"servicio de comparaci\u00f3n de compras verteco.shop"},"content":{"rendered":"\n<hr class=\"wp-block-separator has-alpha-channel-opacity\"\/>\n\n<p class=\"has-text-align-center\"><strong>\u00a1Explora millones de productos de miles de tiendas europeas!<\/strong><\/p>\n\n<section class=\"top-page-search-button\">\n    <form action=\"\/?s=\" method=\"get\">\n        <input type=\"text\" name=\"s\" placeholder=\"Search\"\/>\n        <button type=\"submit\">Search<\/button>\n    <\/form>\n<\/section>\n\n<style>\n    .top-page-search-button {\n        display: flex;\n        align-items: center;\n        justify-content: center;\n        height: 10vh;\n    }\n\n    .top-page-search-button form {\n        display: flex;\n        align-items: center;\n        flex-direction: column; \/* Centers elements in a column *\/\n    }\n\n    .top-page-search-button input[type=\"text\"] {\n        width: 300px;\n        padding: 10px;\n        font-size: 18px;\n        border: 2px solid #ccc;\n        border-radius: 5px;\n        margin-bottom: 10px; \/* Add space below the input *\/\n    }\n\n    .top-page-search-button button {\n        padding: 10px 20px;\n        font-size: 18px;\n        background-color: #F2A93B;\n        color: white;\n        border: none;\n        border-radius: 5px;\n        cursor: pointer;\n        transition: background-color 0.3s ease;\n    }\n\n    .top-page-search-button button:hover {\n        background-color: #0056b3;\n    }\n<\/style>\n\n<main class=\"comparison-main\"><div class=\"comparison-content\"><section class=\"discount-section\"><img decoding=\"async\" src=\"https:\/\/comparison.verteco.shop\/wp-content\/uploads\/2024\/06\/google-css-partner-logo.png\" alt=\"Google CSS Partner\"\/><p>Get a discount of up to 20% on Google Shopping ads<\/p><div class=\"discount\">20%<\/div><p><a target=\"_blank\" rel=\"noopener noreferrer\" href=\"https:\/\/verteco.shop\/en\/\"><button>Learn more<\/button><\/a><\/p><\/section><section class=\"search-section\"><h1>Price comparison<\/h1><p>Find the best price for thousands of products from hundreds of stores.<\/p><form action=\"\/?s=\" method=\"get\"><input type=\"text\" name=\"s\" placeholder=\"Search\"\/><button type=\"submit\">Search<\/button><\/form><\/section><\/div><\/main><style>.comparison-body, .comparison-html {\n        margin: 0;\n        padding: 0;\n        font-family: 'Arial', sans-serif;\n        background-color: #f8f8f8;\n    }\n    .video-section {\n        display: flex;\n        align-items: center;\n        justify-content: center;\n        height: 100%;\n        padding-top: 10px;\n        padding-bottom: 1px;\n    }\n    .comparison-main {\n        display: flex;\n        justify-content: center;\n        align-items: center;\n        padding: 20px;\n    }\n    .comparison-content {\n        max-width: 1200px;\n        width: 100%;\n        display: grid;\n        grid-template-columns: 1fr;\n        gap: 20px;\n    }\n    .discount-section, .search-section {\n        background-color: white;\n        text-align: center;\n        padding: 20px;\n        border-radius: 8px;\n        box-shadow: 0 4px 8px rgba(0,0,0,0.1);\n    }\n    .discount-section img {\n        max-width: 100px;\n        margin-bottom: 20px;\n    }\n    .discount-section p {\n        margin-bottom: 10px;\n        font-size: 1.2em;\n    }\n    .discount {\n        font-size: 3em;\n        font-weight: bold;\n        color: #E6B05F;\n        margin: 20px 0;\n    }\n    .discount-section button {\n        background-color: #E6B05F;\n        color: white;\n        border: none;\n        padding: 10px 20px;\n        border-radius: 4px;\n        cursor: pointer;\n        font-size: 1em;\n    }\n    .search-section h1 {\n        color: #333;\n        margin-bottom: 10px;\n    }\n    .search-section p {\n        margin-bottom: 20px;\n        color: #666;\n    }\n    .search-section form {\n        display: flex;\n        flex-direction: column;\n        gap: 10px;\n    }\n    .search-section input[type=\"text\"] {\n        flex-grow: 1;\n        padding: 10px;\n        border: 1px solid #ddd;\n        border-radius: 4px;\n    }\n    .search-section button {\n        background-color: #E6B05F;\n        color: white;\n        border: none;\n        padding: 10px;\n        border-radius: 4px;\n        cursor: pointer;\n        font-size: 1em;\n    }\n\n    @media (min-width: 768px) {\n        .comparison-content {\n            grid-template-columns: repeat(2, 1fr);\n        }\n        .search-section form {\n            flex-direction: row;\n        }\n    }\n<\/style>\n\n<p><strong>Bienvenido a comparison.verteco.shop<\/strong><\/p>\n\n<p>Descubre una forma sencilla de buscar y comparar productos de varios comerciantes en un solo lugar. Nuestra plataforma del Servicio de Comparaci\u00f3n de Precios (CSS) hace que sea m\u00e1s f\u00e1cil que nunca encontrar las mejores ofertas y tomar decisiones de compra informadas.<\/p>\n\n<p><strong>Busca y compara<\/strong><\/p>\n\n<p>Utiliza nuestra funci\u00f3n de b\u00fasqueda avanzada para explorar miles de productos de una amplia gama de categor\u00edas. Compara precios, lee opiniones y encuentra las mejores ofertas de varios comerciantes, todo ello convenientemente expuesto en nuestro sitio.<\/p>\n\n<p><strong>Ahorra m\u00e1s con nuestro Programa CSS<\/strong><\/p>\n\n<p>Utilizando nuestra plataforma CSS, puedes beneficiarte de importantes ahorros en Google Shopping Ads. Disfruta de hasta un 20% m\u00e1s de tr\u00e1fico sin aumentar tu presupuesto publicitario, gracias a la eficacia de nuestro programa CSS.<\/p>\n\n<p><strong>C\u00f3mo funciona nuestra plataforma CSS<\/strong><\/p>\n\n<p>Google cre\u00f3 el Servicio de Comparaci\u00f3n de Precios (CSS) en 2017 para diversificar los resultados de b\u00fasqueda de los Anuncios de Listas de Productos (PLA), tambi\u00e9n conocidos como Anuncios de Google Shopping. Nuestra plataforma CSS aprovecha este sistema para mostrar tus productos de forma m\u00e1s eficaz, proporcionando una alternativa rentable al tradicional Google Shopping.<\/p>\n\n<p><strong>\u00bfPor qu\u00e9 elegir Comparison.verteco.shop?<\/strong><\/p>\n\n<ul class=\"wp-block-list\">\n<li><strong>Listados completos de productos:<\/strong> Accede a una amplia gama de productos de m\u00faltiples comerciantes, todo en un solo lugar.<\/li>\n\n\n\n<li><strong>Ahorro de costes:<\/strong> Ahorra hasta un 20% en tus anuncios de Google Shopping utilizando nuestro programa CSS.<\/li>\n\n\n\n<li><strong>Interfaz f\u00e1cil de usar:<\/strong> Nuestra plataforma est\u00e1 dise\u00f1ada para facilitar la navegaci\u00f3n, por lo que resulta sencillo encontrar y comparar productos.<\/li>\n\n\n\n<li><strong>Comerciantes de confianza:<\/strong> Nos asociamos con comerciantes de confianza para garantizarte el acceso a productos de alta calidad y servicios fiables.<\/li>\n<\/ul>\n\n<p><strong>Empieza con Comparaci\u00f3n.verteco.shop<\/strong><\/p>\n\n<ol class=\"wp-block-list\">\n<li><strong>Buscar productos:<\/strong> Utiliza nuestra barra de b\u00fasqueda para encontrar los productos que necesitas.<\/li>\n\n\n\n<li><strong>Compara precios y caracter\u00edsticas:<\/strong> Consulta informaci\u00f3n detallada del producto y compara ofertas de distintos comerciantes.<\/li>\n\n\n\n<li><strong>Ahorra en tus compras:<\/strong> Aprovecha las mejores ofertas y disfruta de un importante ahorro en tus compras.<\/li>\n<\/ol>\n\n<p><strong>\u00danete a nuestra comunidad<\/strong><\/p>\n\n<p>Reg\u00edstrate hoy para empezar a ahorrar en tus compras. Tanto si eres un consumidor que busca las mejores ofertas como un comerciante que desea mostrar sus productos, Comparaci\u00f3n.verteco.shop es la plataforma ideal para ti.<\/p>\n\n<p><strong>Contacta con nosotros<\/strong><\/p>\n\n<p>Si tienes alguna pregunta o necesitas ayuda, no dudes en ponerte en contacto con nuestro equipo de asistencia. Estamos aqu\u00ed para ayudarte a sacar el m\u00e1ximo partido de nuestra plataforma CSS.<\/p>\n\n<p><strong>Mantente conectado<\/strong><\/p>\n\n<p>S\u00edguenos en las redes sociales y suscr\u00edbete a nuestro bolet\u00edn para estar al d\u00eda de las \u00faltimas ofertas y comparaciones de productos.<\/p>\n","protected":false},"excerpt":{"rendered":"<p>\u00a1Explora millones de productos de miles de tiendas europeas! Search Get a discount of up to 20% on Google Shopping ads 20% Learn more Price comparison Find the best price for thousands of products from hundreds of stores. Search Bienvenido a comparison.verteco.shop Descubre una forma sencilla de buscar y comparar productos de varios comerciantes en [&hellip;]<\/p>\n","protected":false},"author":1,"featured_media":0,"parent":0,"menu_order":0,"comment_status":"closed","ping_status":"closed","template":"","meta":{"footnotes":""},"class_list":["post-359013","page","type-page","status-publish","hentry"],"_links":{"self":[{"href":"https:\/\/comparison.verteco.shop\/es\/wp-json\/wp\/v2\/pages\/359013","targetHints":{"allow":["GET"]}}],"collection":[{"href":"https:\/\/comparison.verteco.shop\/es\/wp-json\/wp\/v2\/pages"}],"about":[{"href":"https:\/\/comparison.verteco.shop\/es\/wp-json\/wp\/v2\/types\/page"}],"author":[{"embeddable":true,"href":"https:\/\/comparison.verteco.shop\/es\/wp-json\/wp\/v2\/users\/1"}],"replies":[{"embeddable":true,"href":"https:\/\/comparison.verteco.shop\/es\/wp-json\/wp\/v2\/comments?post=359013"}],"version-history":[{"count":2,"href":"https:\/\/comparison.verteco.shop\/es\/wp-json\/wp\/v2\/pages\/359013\/revisions"}],"predecessor-version":[{"id":359044,"href":"https:\/\/comparison.verteco.shop\/es\/wp-json\/wp\/v2\/pages\/359013\/revisions\/359044"}],"wp:attachment":[{"href":"https:\/\/comparison.verteco.shop\/es\/wp-json\/wp\/v2\/media?parent=359013"}],"curies":[{"name":"wp","href":"https:\/\/api.w.org\/{rel}","templated":true}]}}