{"id":359015,"date":"2024-06-06T14:28:17","date_gmt":"2024-06-06T14:28:17","guid":{"rendered":"https:\/\/comparison.verteco.shop\/service-de-comparaison-de-prix-verteco-shop\/"},"modified":"2024-09-19T16:48:55","modified_gmt":"2024-09-19T16:48:55","slug":"service-de-comparaison-de-prix-verteco-shop","status":"publish","type":"page","link":"https:\/\/comparison.verteco.shop\/fr\/","title":{"rendered":"service de comparaison de prix verteco.shop"},"content":{"rendered":"\n<hr class=\"wp-block-separator has-alpha-channel-opacity\"\/>\n\n<p class=\"has-text-align-center\"><strong>Explorez des millions de produits provenant de milliers de magasins europ\u00e9ens !<\/strong><\/p>\n\n<section class=\"top-page-search-button\">\n    <form action=\"\/?s=\" method=\"get\">\n        <input type=\"text\" name=\"s\" placeholder=\"Search\"\/>\n        <button type=\"submit\">Search<\/button>\n    <\/form>\n<\/section>\n\n<style>\n    .top-page-search-button {\n        display: flex;\n        align-items: center;\n        justify-content: center;\n        height: 10vh;\n    }\n\n    .top-page-search-button form {\n        display: flex;\n        align-items: center;\n        flex-direction: column; \/* Centers elements in a column *\/\n    }\n\n    .top-page-search-button input[type=\"text\"] {\n        width: 300px;\n        padding: 10px;\n        font-size: 18px;\n        border: 2px solid #ccc;\n        border-radius: 5px;\n        margin-bottom: 10px; \/* Add space below the input *\/\n    }\n\n    .top-page-search-button button {\n        padding: 10px 20px;\n        font-size: 18px;\n        background-color: #F2A93B;\n        color: white;\n        border: none;\n        border-radius: 5px;\n        cursor: pointer;\n        transition: background-color 0.3s ease;\n    }\n\n    .top-page-search-button button:hover {\n        background-color: #0056b3;\n    }\n<\/style>\n\n<main class=\"comparison-main\"><div class=\"comparison-content\"><section class=\"discount-section\"><img decoding=\"async\" src=\"https:\/\/comparison.verteco.shop\/wp-content\/uploads\/2024\/06\/google-css-partner-logo.png\" alt=\"Google CSS Partner\"\/><p>Get a discount of up to 20% on Google Shopping ads<\/p><div class=\"discount\">20%<\/div><p><a target=\"_blank\" rel=\"noopener noreferrer\" href=\"https:\/\/verteco.shop\/en\/\"><button>Learn more<\/button><\/a><\/p><\/section><section class=\"search-section\"><h1>Price comparison<\/h1><p>Find the best price for thousands of products from hundreds of stores.<\/p><form action=\"\/?s=\" method=\"get\"><input type=\"text\" name=\"s\" placeholder=\"Search\"\/><button type=\"submit\">Search<\/button><\/form><\/section><\/div><\/main><style>.comparison-body, .comparison-html {\n        margin: 0;\n        padding: 0;\n        font-family: 'Arial', sans-serif;\n        background-color: #f8f8f8;\n    }\n    .video-section {\n        display: flex;\n        align-items: center;\n        justify-content: center;\n        height: 100%;\n        padding-top: 10px;\n        padding-bottom: 1px;\n    }\n    .comparison-main {\n        display: flex;\n        justify-content: center;\n        align-items: center;\n        padding: 20px;\n    }\n    .comparison-content {\n        max-width: 1200px;\n        width: 100%;\n        display: grid;\n        grid-template-columns: 1fr;\n        gap: 20px;\n    }\n    .discount-section, .search-section {\n        background-color: white;\n        text-align: center;\n        padding: 20px;\n        border-radius: 8px;\n        box-shadow: 0 4px 8px rgba(0,0,0,0.1);\n    }\n    .discount-section img {\n        max-width: 100px;\n        margin-bottom: 20px;\n    }\n    .discount-section p {\n        margin-bottom: 10px;\n        font-size: 1.2em;\n    }\n    .discount {\n        font-size: 3em;\n        font-weight: bold;\n        color: #E6B05F;\n        margin: 20px 0;\n    }\n    .discount-section button {\n        background-color: #E6B05F;\n        color: white;\n        border: none;\n        padding: 10px 20px;\n        border-radius: 4px;\n        cursor: pointer;\n        font-size: 1em;\n    }\n    .search-section h1 {\n        color: #333;\n        margin-bottom: 10px;\n    }\n    .search-section p {\n        margin-bottom: 20px;\n        color: #666;\n    }\n    .search-section form {\n        display: flex;\n        flex-direction: column;\n        gap: 10px;\n    }\n    .search-section input[type=\"text\"] {\n        flex-grow: 1;\n        padding: 10px;\n        border: 1px solid #ddd;\n        border-radius: 4px;\n    }\n    .search-section button {\n        background-color: #E6B05F;\n        color: white;\n        border: none;\n        padding: 10px;\n        border-radius: 4px;\n        cursor: pointer;\n        font-size: 1em;\n    }\n\n    @media (min-width: 768px) {\n        .comparison-content {\n            grid-template-columns: repeat(2, 1fr);\n        }\n        .search-section form {\n            flex-direction: row;\n        }\n    }\n<\/style>\n\n<p><strong>Bienvenue sur comparison.verteco.shop<\/strong><\/p>\n\n<p>D\u00e9couvrez un moyen transparent de rechercher et de comparer des produits provenant de plusieurs marchands, le tout en un seul endroit. Gr\u00e2ce \u00e0 notre service de comparaison des prix (CSS), il est plus facile que jamais de trouver les meilleures offres et de prendre des d\u00e9cisions d&rsquo;achat \u00e9clair\u00e9es.<\/p>\n\n<p><strong>Rechercher et comparer<\/strong><\/p>\n\n<p>Utilisez notre fonction de recherche avanc\u00e9e pour explorer des milliers de produits dans un large \u00e9ventail de cat\u00e9gories. Comparez les prix, lisez les commentaires et trouvez les meilleures offres de diff\u00e9rents marchands, toutes pr\u00e9sent\u00e9es de mani\u00e8re pratique sur notre site.<\/p>\n\n<p><strong>\u00c9conomisez davantage gr\u00e2ce \u00e0 notre programme CSS<\/strong><\/p>\n\n<p>En utilisant notre plateforme CSS, vous pouvez b\u00e9n\u00e9ficier d&rsquo;\u00e9conomies significatives sur Google Shopping Ads. B\u00e9n\u00e9ficiez de 20% de trafic suppl\u00e9mentaire sans augmenter votre budget publicitaire, gr\u00e2ce \u00e0 l&rsquo;efficacit\u00e9 de notre programme CSS.<\/p>\n\n<p><strong>Comment fonctionne notre plateforme CSS<\/strong><\/p>\n\n<p>Google a cr\u00e9\u00e9 le service de comparaison des achats (CSS) en 2017 afin de diversifier les r\u00e9sultats de recherche pour les annonces de listes de produits (PLA), \u00e9galement connues sous le nom de Google Shopping Ads. Notre plateforme CSS s&rsquo;appuie sur ce syst\u00e8me pour pr\u00e9senter vos produits de mani\u00e8re plus efficace, offrant ainsi une alternative rentable au syst\u00e8me traditionnel de Google Shopping.<\/p>\n\n<p><strong>Pourquoi choisir Comparison.verteco.shop ?<\/strong><\/p>\n\n<ul class=\"wp-block-list\">\n<li><strong>Listes compl\u00e8tes de produits :<\/strong> Acc\u00e9dez \u00e0 une large gamme de produits provenant de plusieurs marchands, le tout en un seul endroit.<\/li>\n\n\n\n<li><strong>\u00c9conomies de co\u00fbts :<\/strong> \u00c9conomisez jusqu&rsquo;\u00e0 20 % sur vos annonces Google Shopping en utilisant notre programme CSS.<\/li>\n\n\n\n<li><strong>Interface conviviale :<\/strong> Notre plateforme est con\u00e7ue pour une navigation ais\u00e9e, ce qui facilite la recherche et la comparaison des produits.<\/li>\n\n\n\n<li><strong>Des commer\u00e7ants de confiance :<\/strong> Nous nous associons \u00e0 des marchands fiables pour vous garantir l&rsquo;acc\u00e8s \u00e0 des produits de haute qualit\u00e9 et \u00e0 des services dignes de confiance.<\/li>\n<\/ul>\n\n<p><strong>D\u00e9marrez avec Comparison.verteco.shop<\/strong><\/p>\n\n<ol class=\"wp-block-list\">\n<li><strong>Recherche de produits :<\/strong> Utilisez notre barre de recherche pour trouver les produits dont vous avez besoin.<\/li>\n\n\n\n<li><strong>Comparez les prix et les caract\u00e9ristiques :<\/strong> Consultez des informations d\u00e9taill\u00e9es sur les produits et comparez les offres de diff\u00e9rents marchands.<\/li>\n\n\n\n<li><strong>\u00c9conomisez sur vos achats :<\/strong> Profitez des meilleures offres et r\u00e9alisez des \u00e9conomies significatives sur vos achats.<\/li>\n<\/ol>\n\n<p><strong>Rejoignez notre communaut\u00e9<\/strong><\/p>\n\n<p>Inscrivez-vous d\u00e8s aujourd&rsquo;hui pour commencer \u00e0 \u00e9conomiser sur vos d\u00e9penses d&rsquo;achat. Que vous soyez un consommateur \u00e0 la recherche des meilleures offres ou un commer\u00e7ant souhaitant pr\u00e9senter ses produits, Comparison.verteco.shop est la plateforme id\u00e9ale pour vous.<\/p>\n\n<p><strong>Contactez nous<\/strong><\/p>\n\n<p>Si vous avez des questions ou si vous avez besoin d&rsquo;aide, n&rsquo;h\u00e9sitez pas \u00e0 contacter notre \u00e9quipe d&rsquo;assistance. Nous sommes l\u00e0 pour vous aider \u00e0 tirer le meilleur parti de notre plateforme CSS.<\/p>\n\n<p><strong>Restez connect\u00e9<\/strong><\/p>\n\n<p>Suivez-nous sur les m\u00e9dias sociaux et abonnez-vous \u00e0 notre newsletter pour rester inform\u00e9 des derni\u00e8res offres et comparaisons de produits.<\/p>\n","protected":false},"excerpt":{"rendered":"<p>Explorez des millions de produits provenant de milliers de magasins europ\u00e9ens ! Search Get a discount of up to 20% on Google Shopping ads 20% Learn more Price comparison Find the best price for thousands of products from hundreds of stores. Search Bienvenue sur comparison.verteco.shop D\u00e9couvrez un moyen transparent de rechercher et de comparer des [&hellip;]<\/p>\n","protected":false},"author":1,"featured_media":0,"parent":0,"menu_order":0,"comment_status":"closed","ping_status":"closed","template":"","meta":{"footnotes":""},"class_list":["post-359015","page","type-page","status-publish","hentry"],"_links":{"self":[{"href":"https:\/\/comparison.verteco.shop\/fr\/wp-json\/wp\/v2\/pages\/359015","targetHints":{"allow":["GET"]}}],"collection":[{"href":"https:\/\/comparison.verteco.shop\/fr\/wp-json\/wp\/v2\/pages"}],"about":[{"href":"https:\/\/comparison.verteco.shop\/fr\/wp-json\/wp\/v2\/types\/page"}],"author":[{"embeddable":true,"href":"https:\/\/comparison.verteco.shop\/fr\/wp-json\/wp\/v2\/users\/1"}],"replies":[{"embeddable":true,"href":"https:\/\/comparison.verteco.shop\/fr\/wp-json\/wp\/v2\/comments?post=359015"}],"version-history":[{"count":2,"href":"https:\/\/comparison.verteco.shop\/fr\/wp-json\/wp\/v2\/pages\/359015\/revisions"}],"predecessor-version":[{"id":359045,"href":"https:\/\/comparison.verteco.shop\/fr\/wp-json\/wp\/v2\/pages\/359015\/revisions\/359045"}],"wp:attachment":[{"href":"https:\/\/comparison.verteco.shop\/fr\/wp-json\/wp\/v2\/media?parent=359015"}],"curies":[{"name":"wp","href":"https:\/\/api.w.org\/{rel}","templated":true}]}}