{"id":359031,"date":"2024-06-06T14:28:17","date_gmt":"2024-06-06T14:28:17","guid":{"rendered":"https:\/\/comparison.verteco.shop\/verteco-shop-osszehasonlito-vasarlasi-szolgaltatas\/"},"modified":"2024-09-19T16:48:55","modified_gmt":"2024-09-19T16:48:55","slug":"verteco-shop-osszehasonlito-vasarlasi-szolgaltatas","status":"publish","type":"page","link":"https:\/\/comparison.verteco.shop\/hu\/","title":{"rendered":"verteco.shop \u00f6sszehasonl\u00edt\u00f3 v\u00e1s\u00e1rl\u00e1si szolg\u00e1ltat\u00e1s"},"content":{"rendered":"\n<hr class=\"wp-block-separator has-alpha-channel-opacity\"\/>\n\n<p class=\"has-text-align-center\"><strong>Fedezze fel t\u00f6bb ezer eur\u00f3pai \u00fczlet t\u00f6bb milli\u00f3 term\u00e9k\u00e9t!<\/strong><\/p>\n\n<section class=\"top-page-search-button\">\n    <form action=\"\/?s=\" method=\"get\">\n        <input type=\"text\" name=\"s\" placeholder=\"Search\"\/>\n        <button type=\"submit\">Search<\/button>\n    <\/form>\n<\/section>\n\n<style>\n    .top-page-search-button {\n        display: flex;\n        align-items: center;\n        justify-content: center;\n        height: 10vh;\n    }\n\n    .top-page-search-button form {\n        display: flex;\n        align-items: center;\n        flex-direction: column; \/* Centers elements in a column *\/\n    }\n\n    .top-page-search-button input[type=\"text\"] {\n        width: 300px;\n        padding: 10px;\n        font-size: 18px;\n        border: 2px solid #ccc;\n        border-radius: 5px;\n        margin-bottom: 10px; \/* Add space below the input *\/\n    }\n\n    .top-page-search-button button {\n        padding: 10px 20px;\n        font-size: 18px;\n        background-color: #F2A93B;\n        color: white;\n        border: none;\n        border-radius: 5px;\n        cursor: pointer;\n        transition: background-color 0.3s ease;\n    }\n\n    .top-page-search-button button:hover {\n        background-color: #0056b3;\n    }\n<\/style>\n\n<main class=\"comparison-main\"><div class=\"comparison-content\"><section class=\"discount-section\"><img decoding=\"async\" src=\"https:\/\/comparison.verteco.shop\/wp-content\/uploads\/2024\/06\/google-css-partner-logo.png\" alt=\"Google CSS Partner\"\/><p>Get a discount of up to 20% on Google Shopping ads<\/p><div class=\"discount\">20%<\/div><p><a target=\"_blank\" rel=\"noopener noreferrer\" href=\"https:\/\/verteco.shop\/en\/\"><button>Learn more<\/button><\/a><\/p><\/section><section class=\"search-section\"><h1>Price comparison<\/h1><p>Find the best price for thousands of products from hundreds of stores.<\/p><form action=\"\/?s=\" method=\"get\"><input type=\"text\" name=\"s\" placeholder=\"Search\"\/><button type=\"submit\">Search<\/button><\/form><\/section><\/div><\/main><style>.comparison-body, .comparison-html {\n        margin: 0;\n        padding: 0;\n        font-family: 'Arial', sans-serif;\n        background-color: #f8f8f8;\n    }\n    .video-section {\n        display: flex;\n        align-items: center;\n        justify-content: center;\n        height: 100%;\n        padding-top: 10px;\n        padding-bottom: 1px;\n    }\n    .comparison-main {\n        display: flex;\n        justify-content: center;\n        align-items: center;\n        padding: 20px;\n    }\n    .comparison-content {\n        max-width: 1200px;\n        width: 100%;\n        display: grid;\n        grid-template-columns: 1fr;\n        gap: 20px;\n    }\n    .discount-section, .search-section {\n        background-color: white;\n        text-align: center;\n        padding: 20px;\n        border-radius: 8px;\n        box-shadow: 0 4px 8px rgba(0,0,0,0.1);\n    }\n    .discount-section img {\n        max-width: 100px;\n        margin-bottom: 20px;\n    }\n    .discount-section p {\n        margin-bottom: 10px;\n        font-size: 1.2em;\n    }\n    .discount {\n        font-size: 3em;\n        font-weight: bold;\n        color: #E6B05F;\n        margin: 20px 0;\n    }\n    .discount-section button {\n        background-color: #E6B05F;\n        color: white;\n        border: none;\n        padding: 10px 20px;\n        border-radius: 4px;\n        cursor: pointer;\n        font-size: 1em;\n    }\n    .search-section h1 {\n        color: #333;\n        margin-bottom: 10px;\n    }\n    .search-section p {\n        margin-bottom: 20px;\n        color: #666;\n    }\n    .search-section form {\n        display: flex;\n        flex-direction: column;\n        gap: 10px;\n    }\n    .search-section input[type=\"text\"] {\n        flex-grow: 1;\n        padding: 10px;\n        border: 1px solid #ddd;\n        border-radius: 4px;\n    }\n    .search-section button {\n        background-color: #E6B05F;\n        color: white;\n        border: none;\n        padding: 10px;\n        border-radius: 4px;\n        cursor: pointer;\n        font-size: 1em;\n    }\n\n    @media (min-width: 768px) {\n        .comparison-content {\n            grid-template-columns: repeat(2, 1fr);\n        }\n        .search-section form {\n            flex-direction: row;\n        }\n    }\n<\/style>\n\n<p><strong>\u00dcdv\u00f6z\u00f6lj\u00fck az comparison.verteco.shop oldalon<\/strong><\/p>\n\n<p>Fedezze fel a z\u00f6kken\u0151mentes m\u00f3dj\u00e1t annak, hogy t\u00f6bb keresked\u0151 term\u00e9keit egy helyen keresse \u00e9s hasonl\u00edtsa \u00f6ssze. \u00d6sszehasonl\u00edt\u00f3 v\u00e1s\u00e1rl\u00e1si szolg\u00e1ltat\u00e1sunk (CSS) platformja minden eddigin\u00e9l k\u00f6nnyebb\u00e9 teszi a legjobb aj\u00e1nlatok megtal\u00e1l\u00e1s\u00e1t \u00e9s a megalapozott v\u00e1s\u00e1rl\u00e1si d\u00f6nt\u00e9sek meghozatal\u00e1t.<\/p>\n\n<p><strong>Keres\u00e9s \u00e9s \u00f6sszehasonl\u00edt\u00e1s<\/strong><\/p>\n\n<p>Haszn\u00e1lja fejlett keres\u00e9si funkci\u00f3inkat, hogy t\u00f6bb ezer term\u00e9ket fedezzen fel a kateg\u00f3ri\u00e1k sz\u00e9les sk\u00e1l\u00e1j\u00e1b\u00f3l. Hasonl\u00edtsa \u00f6ssze az \u00e1rakat, olvassa el a v\u00e9lem\u00e9nyeket, \u00e9s tal\u00e1lja meg a k\u00fcl\u00f6nb\u00f6z\u0151 keresked\u0151k legjobb aj\u00e1nlatait, amelyek mind k\u00e9nyelmesen megjelennek az oldalunkon.<\/p>\n\n<p><strong>T\u00f6bbet takar\u00edthat meg a CSS programunkkal<\/strong><\/p>\n\n<p>CSS platformunk haszn\u00e1lat\u00e1val jelent\u0151s megtakar\u00edt\u00e1sokat \u00e9rhet el a Google Shopping hirdet\u00e9sekkel kapcsolatban. \u00c9lvezze az ak\u00e1r 20%-kal nagyobb forgalmat an\u00e9lk\u00fcl, hogy n\u00f6veln\u00e9 hirdet\u00e9si k\u00f6lts\u00e9gvet\u00e9s\u00e9t, a CSS programunk hat\u00e9konys\u00e1g\u00e1nak k\u00f6sz\u00f6nhet\u0151en.<\/p>\n\n<p><strong>Hogyan m\u0171k\u00f6dik a CSS platformunk<\/strong><\/p>\n\n<p>A Google 2017-ben hozta l\u00e9tre az \u00f6sszehasonl\u00edt\u00f3 v\u00e1s\u00e1rl\u00e1si szolg\u00e1ltat\u00e1st (CSS), hogy diverzifik\u00e1lja a term\u00e9klist\u00e1s hirdet\u00e9sek (PLA), m\u00e1s n\u00e9ven Google Shopping Ads keres\u00e9si eredm\u00e9nyeit. CSS platformunk kihaszn\u00e1lja ezt a rendszert, hogy hat\u00e9konyabban mutassa be term\u00e9keit, \u00e9s k\u00f6lts\u00e9ghat\u00e9kony alternat\u00edv\u00e1t k\u00edn\u00e1ljon a hagyom\u00e1nyos Google Shoppinghoz k\u00e9pest.<\/p>\n\n<p><strong>Mi\u00e9rt v\u00e1lassza az Comparison.verteco.shop-ot?<\/strong><\/p>\n\n<ul class=\"wp-block-list\">\n<li><strong>\u00c1tfog\u00f3 term\u00e9klist\u00e1k:<\/strong> Hozz\u00e1f\u00e9r\u00e9s a term\u00e9kek sz\u00e9les sk\u00e1l\u00e1j\u00e1hoz t\u00f6bb keresked\u0151t\u0151l, egy helyen.<\/li>\n\n\n\n<li><strong>K\u00f6lts\u00e9gmegtakar\u00edt\u00e1s:<\/strong> CSS programunk haszn\u00e1lat\u00e1val ak\u00e1r 20%-ot is megtakar\u00edthat a Google Shopping hirdet\u00e9seken.<\/li>\n\n\n\n<li><strong>Felhaszn\u00e1l\u00f3bar\u00e1t fel\u00fclet:<\/strong> A platformunkat k\u00f6nny\u0171 navig\u00e1ci\u00f3ra tervezt\u00fck, \u00edgy a term\u00e9kek megtal\u00e1l\u00e1sa \u00e9s \u00f6sszehasonl\u00edt\u00e1sa egyszer\u0171.<\/li>\n\n\n\n<li><strong>Megb\u00edzhat\u00f3 keresked\u0151k:<\/strong> Megb\u00edzhat\u00f3 keresked\u0151kkel dolgozunk egy\u00fctt, hogy biztos\u00edtsuk, hogy \u00d6n kiv\u00e1l\u00f3 min\u0151s\u00e9g\u0171 term\u00e9kekhez \u00e9s megb\u00edzhat\u00f3 szolg\u00e1ltat\u00e1sokhoz f\u00e9rjen hozz\u00e1.<\/li>\n<\/ul>\n\n<p><strong>Ismerkedjen meg a Comparison.verteco.shop term\u00e9kkel<\/strong><\/p>\n\n<ol class=\"wp-block-list\">\n<li><strong>Term\u00e9kek keres\u00e9se:<\/strong> Keres\u00e9s: Haszn\u00e1lja a keres\u0151s\u00e1vot, hogy megtal\u00e1lja a keresett term\u00e9keket.<\/li>\n\n\n\n<li><strong>\u00c1rak \u00e9s jellemz\u0151k \u00f6sszehasonl\u00edt\u00e1sa:<\/strong> Tekintse meg a r\u00e9szletes term\u00e9kinform\u00e1ci\u00f3kat \u00e9s hasonl\u00edtsa \u00f6ssze a k\u00fcl\u00f6nb\u00f6z\u0151 keresked\u0151k aj\u00e1nlatait.<\/li>\n\n\n\n<li><strong>Mentsd meg a v\u00e1s\u00e1rl\u00e1sokat:<\/strong> Haszn\u00e1lja ki a legjobb aj\u00e1nlatokat, \u00e9s \u00e9lvezze a v\u00e1s\u00e1rl\u00e1sokon el\u00e9rt jelent\u0151s megtakar\u00edt\u00e1sokat.<\/li>\n<\/ol>\n\n<p><strong>Csatlakozzon k\u00f6z\u00f6ss\u00e9g\u00fcnkh\u00f6z<\/strong><\/p>\n\n<p>Regisztr\u00e1ljon m\u00e9g ma, hogy elkezdhessen sp\u00f3rolni a v\u00e1s\u00e1rl\u00e1si k\u00f6lts\u00e9geken. Ak\u00e1r fogyaszt\u00f3, aki a legjobb aj\u00e1nlatokat keresi, ak\u00e1r keresked\u0151, aki szeretn\u00e9 bemutatni term\u00e9keit, az Comparison.verteco.shop az ide\u00e1lis platform az \u00d6n sz\u00e1m\u00e1ra.<\/p>\n\n<p><strong>Kapcsolatfelv\u00e9tel<\/strong><\/p>\n\n<p>Ha b\u00e1rmilyen k\u00e9rd\u00e9se van, vagy seg\u00edts\u00e9gre van sz\u00fcks\u00e9ge, forduljon b\u00e1tran \u00fcgyf\u00e9lszolg\u00e1latunkhoz. Az\u00e9rt vagyunk itt, hogy seg\u00edts\u00fcnk \u00d6nnek a legt\u00f6bbet kihozni CSS platformunkb\u00f3l.<\/p>\n\n<p><strong>Maradjon kapcsolatban<\/strong><\/p>\n\n<p>K\u00f6vessen minket a k\u00f6z\u00f6ss\u00e9gi m\u00e9di\u00e1ban, \u00e9s iratkozzon fel h\u00edrlevel\u00fcnkre, hogy naprak\u00e9sz maradjon a leg\u00fajabb aj\u00e1nlatokkal \u00e9s term\u00e9k\u00f6sszehasonl\u00edt\u00e1sokkal kapcsolatban.<\/p>\n","protected":false},"excerpt":{"rendered":"<p>Fedezze fel t\u00f6bb ezer eur\u00f3pai \u00fczlet t\u00f6bb milli\u00f3 term\u00e9k\u00e9t! Search Get a discount of up to 20% on Google Shopping ads 20% Learn more Price comparison Find the best price for thousands of products from hundreds of stores. Search \u00dcdv\u00f6z\u00f6lj\u00fck az comparison.verteco.shop oldalon Fedezze fel a z\u00f6kken\u0151mentes m\u00f3dj\u00e1t annak, hogy t\u00f6bb keresked\u0151 term\u00e9keit egy helyen [&hellip;]<\/p>\n","protected":false},"author":1,"featured_media":0,"parent":0,"menu_order":0,"comment_status":"closed","ping_status":"closed","template":"","meta":{"footnotes":""},"class_list":["post-359031","page","type-page","status-publish","hentry"],"_links":{"self":[{"href":"https:\/\/comparison.verteco.shop\/hu\/wp-json\/wp\/v2\/pages\/359031","targetHints":{"allow":["GET"]}}],"collection":[{"href":"https:\/\/comparison.verteco.shop\/hu\/wp-json\/wp\/v2\/pages"}],"about":[{"href":"https:\/\/comparison.verteco.shop\/hu\/wp-json\/wp\/v2\/types\/page"}],"author":[{"embeddable":true,"href":"https:\/\/comparison.verteco.shop\/hu\/wp-json\/wp\/v2\/users\/1"}],"replies":[{"embeddable":true,"href":"https:\/\/comparison.verteco.shop\/hu\/wp-json\/wp\/v2\/comments?post=359031"}],"version-history":[{"count":2,"href":"https:\/\/comparison.verteco.shop\/hu\/wp-json\/wp\/v2\/pages\/359031\/revisions"}],"predecessor-version":[{"id":359046,"href":"https:\/\/comparison.verteco.shop\/hu\/wp-json\/wp\/v2\/pages\/359031\/revisions\/359046"}],"wp:attachment":[{"href":"https:\/\/comparison.verteco.shop\/hu\/wp-json\/wp\/v2\/media?parent=359031"}],"curies":[{"name":"wp","href":"https:\/\/api.w.org\/{rel}","templated":true}]}}