{"id":359025,"date":"2024-06-06T14:28:17","date_gmt":"2024-06-06T14:28:17","guid":{"rendered":"https:\/\/comparison.verteco.shop\/usluga-porownywania-zakupow-verteco-shop\/"},"modified":"2024-09-19T16:48:59","modified_gmt":"2024-09-19T16:48:59","slug":"usluga-porownywania-zakupow-verteco-shop","status":"publish","type":"page","link":"https:\/\/comparison.verteco.shop\/pl\/","title":{"rendered":"Us\u0142uga por\u00f3wnywania zakup\u00f3w verteco.shop"},"content":{"rendered":"\n<hr class=\"wp-block-separator has-alpha-channel-opacity\"\/>\n\n<p class=\"has-text-align-center\"><strong>Przegl\u0105daj miliony produkt\u00f3w z tysi\u0119cy europejskich sklep\u00f3w!<\/strong><\/p>\n\n<section class=\"top-page-search-button\">\n    <form action=\"\/?s=\" method=\"get\">\n        <input type=\"text\" name=\"s\" placeholder=\"Search\"\/>\n        <button type=\"submit\">Search<\/button>\n    <\/form>\n<\/section>\n\n<style>\n    .top-page-search-button {\n        display: flex;\n        align-items: center;\n        justify-content: center;\n        height: 10vh;\n    }\n\n    .top-page-search-button form {\n        display: flex;\n        align-items: center;\n        flex-direction: column; \/* Centers elements in a column *\/\n    }\n\n    .top-page-search-button input[type=\"text\"] {\n        width: 300px;\n        padding: 10px;\n        font-size: 18px;\n        border: 2px solid #ccc;\n        border-radius: 5px;\n        margin-bottom: 10px; \/* Add space below the input *\/\n    }\n\n    .top-page-search-button button {\n        padding: 10px 20px;\n        font-size: 18px;\n        background-color: #F2A93B;\n        color: white;\n        border: none;\n        border-radius: 5px;\n        cursor: pointer;\n        transition: background-color 0.3s ease;\n    }\n\n    .top-page-search-button button:hover {\n        background-color: #0056b3;\n    }\n<\/style>\n\n<main class=\"comparison-main\"><div class=\"comparison-content\"><section class=\"discount-section\"><img decoding=\"async\" src=\"https:\/\/comparison.verteco.shop\/wp-content\/uploads\/2024\/06\/google-css-partner-logo.png\" alt=\"Google CSS Partner\"\/><p>Get a discount of up to 20% on Google Shopping ads<\/p><div class=\"discount\">20%<\/div><p><a target=\"_blank\" rel=\"noopener noreferrer\" href=\"https:\/\/verteco.shop\/en\/\"><button>Learn more<\/button><\/a><\/p><\/section><section class=\"search-section\"><h1>Price comparison<\/h1><p>Find the best price for thousands of products from hundreds of stores.<\/p><form action=\"\/?s=\" method=\"get\"><input type=\"text\" name=\"s\" placeholder=\"Search\"\/><button type=\"submit\">Search<\/button><\/form><\/section><\/div><\/main><style>.comparison-body, .comparison-html {\n        margin: 0;\n        padding: 0;\n        font-family: 'Arial', sans-serif;\n        background-color: #f8f8f8;\n    }\n    .video-section {\n        display: flex;\n        align-items: center;\n        justify-content: center;\n        height: 100%;\n        padding-top: 10px;\n        padding-bottom: 1px;\n    }\n    .comparison-main {\n        display: flex;\n        justify-content: center;\n        align-items: center;\n        padding: 20px;\n    }\n    .comparison-content {\n        max-width: 1200px;\n        width: 100%;\n        display: grid;\n        grid-template-columns: 1fr;\n        gap: 20px;\n    }\n    .discount-section, .search-section {\n        background-color: white;\n        text-align: center;\n        padding: 20px;\n        border-radius: 8px;\n        box-shadow: 0 4px 8px rgba(0,0,0,0.1);\n    }\n    .discount-section img {\n        max-width: 100px;\n        margin-bottom: 20px;\n    }\n    .discount-section p {\n        margin-bottom: 10px;\n        font-size: 1.2em;\n    }\n    .discount {\n        font-size: 3em;\n        font-weight: bold;\n        color: #E6B05F;\n        margin: 20px 0;\n    }\n    .discount-section button {\n        background-color: #E6B05F;\n        color: white;\n        border: none;\n        padding: 10px 20px;\n        border-radius: 4px;\n        cursor: pointer;\n        font-size: 1em;\n    }\n    .search-section h1 {\n        color: #333;\n        margin-bottom: 10px;\n    }\n    .search-section p {\n        margin-bottom: 20px;\n        color: #666;\n    }\n    .search-section form {\n        display: flex;\n        flex-direction: column;\n        gap: 10px;\n    }\n    .search-section input[type=\"text\"] {\n        flex-grow: 1;\n        padding: 10px;\n        border: 1px solid #ddd;\n        border-radius: 4px;\n    }\n    .search-section button {\n        background-color: #E6B05F;\n        color: white;\n        border: none;\n        padding: 10px;\n        border-radius: 4px;\n        cursor: pointer;\n        font-size: 1em;\n    }\n\n    @media (min-width: 768px) {\n        .comparison-content {\n            grid-template-columns: repeat(2, 1fr);\n        }\n        .search-section form {\n            flex-direction: row;\n        }\n    }\n<\/style>\n\n<p><strong>Witamy na stronie comparison.verteco.shop<\/strong><\/p>\n\n<p>Odkryj p\u0142ynny spos\u00f3b wyszukiwania i por\u00f3wnywania produkt\u00f3w od wielu sprzedawc\u00f3w w jednym miejscu. Nasza platforma Comparison Shopping Service (CSS) u\u0142atwia znajdowanie najlepszych ofert i podejmowanie \u015bwiadomych decyzji zakupowych.<\/p>\n\n<p><strong>Wyszukiwanie i por\u00f3wnywanie<\/strong><\/p>\n\n<p>Skorzystaj z naszej zaawansowanej funkcji wyszukiwania, aby zapozna\u0107 si\u0119 z tysi\u0105cami produkt\u00f3w z szerokiej gamy kategorii. Por\u00f3wnaj ceny, przeczytaj recenzje i znajd\u017a najlepsze oferty od r\u00f3\u017cnych sprzedawc\u00f3w, wszystkie wygodnie wy\u015bwietlane na naszej stronie.<\/p>\n\n<p><strong>Oszcz\u0119dzaj wi\u0119cej dzi\u0119ki naszemu programowi CSS<\/strong><\/p>\n\n<p>Korzystaj\u0105c z naszej platformy CSS, mo\u017cna uzyska\u0107 znaczne oszcz\u0119dno\u015bci na reklamach Google Shopping. Ciesz si\u0119 nawet o 20% wi\u0119kszym ruchem bez zwi\u0119kszania bud\u017cetu reklamowego dzi\u0119ki skuteczno\u015bci naszego programu CSS.<\/p>\n\n<p><strong>Jak dzia\u0142a nasza platforma CSS<\/strong><\/p>\n\n<p>Google stworzy\u0142 us\u0142ug\u0119 Por\u00f3wnywarki cen (CSS) w 2017 roku, aby zdywersyfikowa\u0107 wyniki wyszukiwania dla reklam z list\u0105 produkt\u00f3w (PLA), znanych r\u00f3wnie\u017c jako reklamy Google Shopping. Nasza platforma CSS wykorzystuje ten system do skuteczniejszego prezentowania produkt\u00f3w, zapewniaj\u0105c op\u0142acaln\u0105 alternatyw\u0119 dla tradycyjnych Zakup\u00f3w Google.<\/p>\n\n<p><strong>Dlaczego warto wybra\u0107 Comparison.verteco.shop?<\/strong><\/p>\n\n<ul class=\"wp-block-list\">\n<li><strong>Kompleksowa lista produkt\u00f3w:<\/strong> Dost\u0119p do szerokiej gamy produkt\u00f3w od wielu sprzedawc\u00f3w w jednym miejscu.<\/li>\n\n\n\n<li><strong>Oszcz\u0119dno\u015b\u0107 koszt\u00f3w:<\/strong> Zaoszcz\u0119d\u017a do 20% na reklamach Google Shopping, korzystaj\u0105c z naszego programu CSS.<\/li>\n\n\n\n<li><strong>Przyjazny dla u\u017cytkownika interfejs:<\/strong> Nasza platforma zosta\u0142a zaprojektowana z my\u015bl\u0105 o \u0142atwej nawigacji, u\u0142atwiaj\u0105c wyszukiwanie i por\u00f3wnywanie produkt\u00f3w.<\/li>\n\n\n\n<li><strong>Zaufani sprzedawcy:<\/strong> Wsp\u00f3\u0142pracujemy z wiarygodnymi sprzedawcami, aby zapewni\u0107 Ci dost\u0119p do wysokiej jako\u015bci produkt\u00f3w i godnych zaufania us\u0142ug.<\/li>\n<\/ul>\n\n<p><strong>Rozpocznij korzystanie z Comparison.verteco.shop<\/strong><\/p>\n\n<ol class=\"wp-block-list\">\n<li><strong>Wyszukiwanie produkt\u00f3w:<\/strong> Skorzystaj z naszego paska wyszukiwania, aby znale\u017a\u0107 potrzebne produkty.<\/li>\n\n\n\n<li><strong>Por\u00f3wnaj ceny i funkcje:<\/strong> Wy\u015bwietl szczeg\u00f3\u0142owe informacje o produkcie i por\u00f3wnaj oferty r\u00f3\u017cnych sprzedawc\u00f3w.<\/li>\n\n\n\n<li><strong>Zaoszcz\u0119d\u017a na zakupach:<\/strong> Skorzystaj z najlepszych ofert i ciesz si\u0119 znacznymi oszcz\u0119dno\u015bciami na zakupach.<\/li>\n<\/ol>\n\n<p><strong>Do\u0142\u0105cz do naszej spo\u0142eczno\u015bci<\/strong><\/p>\n\n<p>Zarejestruj si\u0119 ju\u017c dzi\u015b, aby zacz\u0105\u0107 oszcz\u0119dza\u0107 na zakupach. Niezale\u017cnie od tego, czy jeste\u015b konsumentem szukaj\u0105cym najlepszych ofert, czy sprzedawc\u0105 chc\u0105cym zaprezentowa\u0107 swoje produkty, Comparison.verteco.shop jest idealn\u0105 platform\u0105 dla Ciebie.<\/p>\n\n<p><strong>Kontakt<\/strong><\/p>\n\n<p>Je\u015bli masz jakiekolwiek pytania lub potrzebujesz pomocy, skontaktuj si\u0119 z naszym zespo\u0142em wsparcia. Jeste\u015bmy tutaj, aby pom\u00f3c Ci w pe\u0142ni wykorzysta\u0107 nasz\u0105 platform\u0119 CSS.<\/p>\n\n<p><strong>Pozosta\u0144 w kontakcie<\/strong><\/p>\n\n<p>\u015aled\u017a nas w mediach spo\u0142eczno\u015bciowych i zapisz si\u0119 do naszego newslettera, aby by\u0107 na bie\u017c\u0105co z najnowszymi ofertami i por\u00f3wnaniami produkt\u00f3w.<\/p>\n","protected":false},"excerpt":{"rendered":"<p>Przegl\u0105daj miliony produkt\u00f3w z tysi\u0119cy europejskich sklep\u00f3w! Search Get a discount of up to 20% on Google Shopping ads 20% Learn more Price comparison Find the best price for thousands of products from hundreds of stores. Search Witamy na stronie comparison.verteco.shop Odkryj p\u0142ynny spos\u00f3b wyszukiwania i por\u00f3wnywania produkt\u00f3w od wielu sprzedawc\u00f3w w jednym miejscu. Nasza [&hellip;]<\/p>\n","protected":false},"author":1,"featured_media":0,"parent":0,"menu_order":0,"comment_status":"closed","ping_status":"closed","template":"","meta":{"footnotes":""},"class_list":["post-359025","page","type-page","status-publish","hentry"],"_links":{"self":[{"href":"https:\/\/comparison.verteco.shop\/pl\/wp-json\/wp\/v2\/pages\/359025","targetHints":{"allow":["GET"]}}],"collection":[{"href":"https:\/\/comparison.verteco.shop\/pl\/wp-json\/wp\/v2\/pages"}],"about":[{"href":"https:\/\/comparison.verteco.shop\/pl\/wp-json\/wp\/v2\/types\/page"}],"author":[{"embeddable":true,"href":"https:\/\/comparison.verteco.shop\/pl\/wp-json\/wp\/v2\/users\/1"}],"replies":[{"embeddable":true,"href":"https:\/\/comparison.verteco.shop\/pl\/wp-json\/wp\/v2\/comments?post=359025"}],"version-history":[{"count":2,"href":"https:\/\/comparison.verteco.shop\/pl\/wp-json\/wp\/v2\/pages\/359025\/revisions"}],"predecessor-version":[{"id":359050,"href":"https:\/\/comparison.verteco.shop\/pl\/wp-json\/wp\/v2\/pages\/359025\/revisions\/359050"}],"wp:attachment":[{"href":"https:\/\/comparison.verteco.shop\/pl\/wp-json\/wp\/v2\/media?parent=359025"}],"curies":[{"name":"wp","href":"https:\/\/api.w.org\/{rel}","templated":true}]}}