{"id":359023,"date":"2024-06-06T14:28:17","date_gmt":"2024-06-06T14:28:17","guid":{"rendered":"https:\/\/comparison.verteco.shop\/verteco-shop-servico-de-comparacao-de-compras\/"},"modified":"2024-09-19T16:49:00","modified_gmt":"2024-09-19T16:49:00","slug":"verteco-shop-servico-de-comparacao-de-compras","status":"publish","type":"page","link":"https:\/\/comparison.verteco.shop\/pt-pt\/","title":{"rendered":"verteco.shop servi\u00e7o de compara\u00e7\u00e3o de compras"},"content":{"rendered":"\n<hr class=\"wp-block-separator has-alpha-channel-opacity\"\/>\n\n<p class=\"has-text-align-center\"><strong>Explora milh\u00f5es de produtos de milhares de lojas europeias!<\/strong><\/p>\n\n<section class=\"top-page-search-button\">\n    <form action=\"\/?s=\" method=\"get\">\n        <input type=\"text\" name=\"s\" placeholder=\"Search\"\/>\n        <button type=\"submit\">Search<\/button>\n    <\/form>\n<\/section>\n\n<style>\n    .top-page-search-button {\n        display: flex;\n        align-items: center;\n        justify-content: center;\n        height: 10vh;\n    }\n\n    .top-page-search-button form {\n        display: flex;\n        align-items: center;\n        flex-direction: column; \/* Centers elements in a column *\/\n    }\n\n    .top-page-search-button input[type=\"text\"] {\n        width: 300px;\n        padding: 10px;\n        font-size: 18px;\n        border: 2px solid #ccc;\n        border-radius: 5px;\n        margin-bottom: 10px; \/* Add space below the input *\/\n    }\n\n    .top-page-search-button button {\n        padding: 10px 20px;\n        font-size: 18px;\n        background-color: #F2A93B;\n        color: white;\n        border: none;\n        border-radius: 5px;\n        cursor: pointer;\n        transition: background-color 0.3s ease;\n    }\n\n    .top-page-search-button button:hover {\n        background-color: #0056b3;\n    }\n<\/style>\n\n<main class=\"comparison-main\"><div class=\"comparison-content\"><section class=\"discount-section\"><img decoding=\"async\" src=\"https:\/\/comparison.verteco.shop\/wp-content\/uploads\/2024\/06\/google-css-partner-logo.png\" alt=\"Google CSS Partner\"\/><p>Get a discount of up to 20% on Google Shopping ads<\/p><div class=\"discount\">20%<\/div><p><a target=\"_blank\" rel=\"noopener noreferrer\" href=\"https:\/\/verteco.shop\/en\/\"><button>Learn more<\/button><\/a><\/p><\/section><section class=\"search-section\"><h1>Price comparison<\/h1><p>Find the best price for thousands of products from hundreds of stores.<\/p><form action=\"\/?s=\" method=\"get\"><input type=\"text\" name=\"s\" placeholder=\"Search\"\/><button type=\"submit\">Search<\/button><\/form><\/section><\/div><\/main><style>.comparison-body, .comparison-html {\n        margin: 0;\n        padding: 0;\n        font-family: 'Arial', sans-serif;\n        background-color: #f8f8f8;\n    }\n    .video-section {\n        display: flex;\n        align-items: center;\n        justify-content: center;\n        height: 100%;\n        padding-top: 10px;\n        padding-bottom: 1px;\n    }\n    .comparison-main {\n        display: flex;\n        justify-content: center;\n        align-items: center;\n        padding: 20px;\n    }\n    .comparison-content {\n        max-width: 1200px;\n        width: 100%;\n        display: grid;\n        grid-template-columns: 1fr;\n        gap: 20px;\n    }\n    .discount-section, .search-section {\n        background-color: white;\n        text-align: center;\n        padding: 20px;\n        border-radius: 8px;\n        box-shadow: 0 4px 8px rgba(0,0,0,0.1);\n    }\n    .discount-section img {\n        max-width: 100px;\n        margin-bottom: 20px;\n    }\n    .discount-section p {\n        margin-bottom: 10px;\n        font-size: 1.2em;\n    }\n    .discount {\n        font-size: 3em;\n        font-weight: bold;\n        color: #E6B05F;\n        margin: 20px 0;\n    }\n    .discount-section button {\n        background-color: #E6B05F;\n        color: white;\n        border: none;\n        padding: 10px 20px;\n        border-radius: 4px;\n        cursor: pointer;\n        font-size: 1em;\n    }\n    .search-section h1 {\n        color: #333;\n        margin-bottom: 10px;\n    }\n    .search-section p {\n        margin-bottom: 20px;\n        color: #666;\n    }\n    .search-section form {\n        display: flex;\n        flex-direction: column;\n        gap: 10px;\n    }\n    .search-section input[type=\"text\"] {\n        flex-grow: 1;\n        padding: 10px;\n        border: 1px solid #ddd;\n        border-radius: 4px;\n    }\n    .search-section button {\n        background-color: #E6B05F;\n        color: white;\n        border: none;\n        padding: 10px;\n        border-radius: 4px;\n        cursor: pointer;\n        font-size: 1em;\n    }\n\n    @media (min-width: 768px) {\n        .comparison-content {\n            grid-template-columns: repeat(2, 1fr);\n        }\n        .search-section form {\n            flex-direction: row;\n        }\n    }\n<\/style>\n\n<p><strong>Bem-vindo a comparison.verteco.shop<\/strong><\/p>\n\n<p>Descobre uma forma simples de procurar e comparar produtos de v\u00e1rios comerciantes, tudo num s\u00f3 local. A nossa plataforma de Servi\u00e7o de Compara\u00e7\u00e3o de Compras (CSS) torna mais f\u00e1cil do que nunca encontrar as melhores ofertas e tomar decis\u00f5es de compra informadas.<\/p>\n\n<p><strong>Pesquisa e compara<\/strong><\/p>\n\n<p>Utiliza a nossa funcionalidade de pesquisa avan\u00e7ada para explorar milhares de produtos de uma vasta gama de categorias. Compara pre\u00e7os, l\u00ea cr\u00edticas e encontra as melhores ofertas de v\u00e1rios comerciantes, tudo convenientemente apresentado no nosso site.<\/p>\n\n<p><strong>Poupa mais com o nosso programa CSS<\/strong><\/p>\n\n<p>Ao utilizar a nossa plataforma CSS, podes beneficiar de poupan\u00e7as significativas no Google Shopping Ads. Desfruta de at\u00e9 20% mais tr\u00e1fego sem aumentar o teu or\u00e7amento de publicidade, gra\u00e7as \u00e0 efici\u00eancia do nosso programa CSS.<\/p>\n\n<p><strong>Como funciona a nossa plataforma CSS<\/strong><\/p>\n\n<p>A Google criou o Servi\u00e7o de Compara\u00e7\u00e3o de Compras (CSS) em 2017 para diversificar os resultados de pesquisa para An\u00fancios de Listagem de Produtos (PLAs), tamb\u00e9m conhecidos como An\u00fancios do Google Shopping. A nossa plataforma CSS utiliza este sistema para apresentar os teus produtos de forma mais eficaz, proporcionando uma alternativa econ\u00f3mica ao Google Shopping tradicional.<\/p>\n\n<p><strong>Porqu\u00ea escolher Comparison.verteco.shop?<\/strong><\/p>\n\n<ul class=\"wp-block-list\">\n<li><strong>Listagens de produtos abrangentes:<\/strong> Acede a uma vasta gama de produtos de v\u00e1rios comerciantes, tudo num s\u00f3 local.<\/li>\n\n\n\n<li><strong>Poupan\u00e7a de custos:<\/strong> Poupa at\u00e9 20% nos teus an\u00fancios do Google Shopping utilizando o nosso programa CSS.<\/li>\n\n\n\n<li><strong>Interface de f\u00e1cil utiliza\u00e7\u00e3o:<\/strong> A nossa plataforma foi concebida para uma navega\u00e7\u00e3o f\u00e1cil, tornando simples encontrar e comparar produtos.<\/li>\n\n\n\n<li><strong>Comerciantes de confian\u00e7a:<\/strong> Estabelecemos parcerias com comerciantes de confian\u00e7a para garantir que tens acesso a produtos de alta qualidade e servi\u00e7os de confian\u00e7a.<\/li>\n<\/ul>\n\n<p><strong>Come\u00e7a a utilizar Comparison.verteco.shop<\/strong><\/p>\n\n<ol class=\"wp-block-list\">\n<li><strong>Procura produtos:<\/strong> Utiliza a nossa barra de pesquisa para encontrar os produtos de que necessitas.<\/li>\n\n\n\n<li><strong>Compara pre\u00e7os e carater\u00edsticas:<\/strong> V\u00ea informa\u00e7\u00f5es detalhadas sobre o produto e compara ofertas de diferentes comerciantes.<\/li>\n\n\n\n<li><strong>Poupa nas compras:<\/strong> Aproveita as melhores ofertas e desfruta de uma poupan\u00e7a significativa nas tuas compras.<\/li>\n<\/ol>\n\n<p><strong>Junta-te \u00e0 nossa comunidade<\/strong><\/p>\n\n<p>Inscreve-te hoje para come\u00e7ares a poupar nas tuas despesas de compras. Quer sejas um consumidor que procura as melhores ofertas ou um comerciante que pretende apresentar os seus produtos, Comparison.verteco.shop \u00e9 a plataforma ideal para ti.<\/p>\n\n<p><strong>Contacta-nos<\/strong><\/p>\n\n<p>Se tiveres alguma d\u00favida ou precisares de ajuda, n\u00e3o hesites em contactar a nossa equipa de apoio. Estamos aqui para te ajudar a tirar o m\u00e1ximo partido da nossa plataforma CSS.<\/p>\n\n<p><strong>Mant\u00e9m-te ligado<\/strong><\/p>\n\n<p>Segue-nos nas redes sociais e subscreve a nossa newsletter para te manteres atualizado sobre as \u00faltimas ofertas e compara\u00e7\u00f5es de produtos.<\/p>\n","protected":false},"excerpt":{"rendered":"<p>Explora milh\u00f5es de produtos de milhares de lojas europeias! Search Get a discount of up to 20% on Google Shopping ads 20% Learn more Price comparison Find the best price for thousands of products from hundreds of stores. Search Bem-vindo a comparison.verteco.shop Descobre uma forma simples de procurar e comparar produtos de v\u00e1rios comerciantes, tudo [&hellip;]<\/p>\n","protected":false},"author":1,"featured_media":0,"parent":0,"menu_order":0,"comment_status":"closed","ping_status":"closed","template":"","meta":{"footnotes":""},"class_list":["post-359023","page","type-page","status-publish","hentry"],"_links":{"self":[{"href":"https:\/\/comparison.verteco.shop\/pt-pt\/wp-json\/wp\/v2\/pages\/359023","targetHints":{"allow":["GET"]}}],"collection":[{"href":"https:\/\/comparison.verteco.shop\/pt-pt\/wp-json\/wp\/v2\/pages"}],"about":[{"href":"https:\/\/comparison.verteco.shop\/pt-pt\/wp-json\/wp\/v2\/types\/page"}],"author":[{"embeddable":true,"href":"https:\/\/comparison.verteco.shop\/pt-pt\/wp-json\/wp\/v2\/users\/1"}],"replies":[{"embeddable":true,"href":"https:\/\/comparison.verteco.shop\/pt-pt\/wp-json\/wp\/v2\/comments?post=359023"}],"version-history":[{"count":2,"href":"https:\/\/comparison.verteco.shop\/pt-pt\/wp-json\/wp\/v2\/pages\/359023\/revisions"}],"predecessor-version":[{"id":359051,"href":"https:\/\/comparison.verteco.shop\/pt-pt\/wp-json\/wp\/v2\/pages\/359023\/revisions\/359051"}],"wp:attachment":[{"href":"https:\/\/comparison.verteco.shop\/pt-pt\/wp-json\/wp\/v2\/media?parent=359023"}],"curies":[{"name":"wp","href":"https:\/\/api.w.org\/{rel}","templated":true}]}}