{"id":359019,"date":"2024-06-06T14:28:17","date_gmt":"2024-06-06T14:28:17","guid":{"rendered":"https:\/\/comparison.verteco.shop\/sluzba-porovnavania-nakupov-verteco-shop\/"},"modified":"2024-09-19T16:49:02","modified_gmt":"2024-09-19T16:49:02","slug":"sluzba-porovnavania-nakupov-verteco-shop","status":"publish","type":"page","link":"https:\/\/comparison.verteco.shop\/sk\/","title":{"rendered":"Slu\u017eba porovn\u00e1vania n\u00e1kupov verteco.shop"},"content":{"rendered":"\n<hr class=\"wp-block-separator has-alpha-channel-opacity\"\/>\n\n<p class=\"has-text-align-center\"><strong>Presk\u00famajte mili\u00f3ny produktov z tis\u00edcov eur\u00f3pskych obchodov!<\/strong><\/p>\n\n<section class=\"top-page-search-button\">\n    <form action=\"\/?s=\" method=\"get\">\n        <input type=\"text\" name=\"s\" placeholder=\"Search\"\/>\n        <button type=\"submit\">Search<\/button>\n    <\/form>\n<\/section>\n\n<style>\n    .top-page-search-button {\n        display: flex;\n        align-items: center;\n        justify-content: center;\n        height: 10vh;\n    }\n\n    .top-page-search-button form {\n        display: flex;\n        align-items: center;\n        flex-direction: column; \/* Centers elements in a column *\/\n    }\n\n    .top-page-search-button input[type=\"text\"] {\n        width: 300px;\n        padding: 10px;\n        font-size: 18px;\n        border: 2px solid #ccc;\n        border-radius: 5px;\n        margin-bottom: 10px; \/* Add space below the input *\/\n    }\n\n    .top-page-search-button button {\n        padding: 10px 20px;\n        font-size: 18px;\n        background-color: #F2A93B;\n        color: white;\n        border: none;\n        border-radius: 5px;\n        cursor: pointer;\n        transition: background-color 0.3s ease;\n    }\n\n    .top-page-search-button button:hover {\n        background-color: #0056b3;\n    }\n<\/style>\n\n<main class=\"comparison-main\"><div class=\"comparison-content\"><section class=\"discount-section\"><img decoding=\"async\" src=\"https:\/\/comparison.verteco.shop\/wp-content\/uploads\/2024\/06\/google-css-partner-logo.png\" alt=\"Google CSS Partner\"\/><p>Get a discount of up to 20% on Google Shopping ads<\/p><div class=\"discount\">20%<\/div><p><a target=\"_blank\" rel=\"noopener noreferrer\" href=\"https:\/\/verteco.shop\/en\/\"><button>Learn more<\/button><\/a><\/p><\/section><section class=\"search-section\"><h1>Price comparison<\/h1><p>Find the best price for thousands of products from hundreds of stores.<\/p><form action=\"\/?s=\" method=\"get\"><input type=\"text\" name=\"s\" placeholder=\"Search\"\/><button type=\"submit\">Search<\/button><\/form><\/section><\/div><\/main><style>.comparison-body, .comparison-html {\n        margin: 0;\n        padding: 0;\n        font-family: 'Arial', sans-serif;\n        background-color: #f8f8f8;\n    }\n    .video-section {\n        display: flex;\n        align-items: center;\n        justify-content: center;\n        height: 100%;\n        padding-top: 10px;\n        padding-bottom: 1px;\n    }\n    .comparison-main {\n        display: flex;\n        justify-content: center;\n        align-items: center;\n        padding: 20px;\n    }\n    .comparison-content {\n        max-width: 1200px;\n        width: 100%;\n        display: grid;\n        grid-template-columns: 1fr;\n        gap: 20px;\n    }\n    .discount-section, .search-section {\n        background-color: white;\n        text-align: center;\n        padding: 20px;\n        border-radius: 8px;\n        box-shadow: 0 4px 8px rgba(0,0,0,0.1);\n    }\n    .discount-section img {\n        max-width: 100px;\n        margin-bottom: 20px;\n    }\n    .discount-section p {\n        margin-bottom: 10px;\n        font-size: 1.2em;\n    }\n    .discount {\n        font-size: 3em;\n        font-weight: bold;\n        color: #E6B05F;\n        margin: 20px 0;\n    }\n    .discount-section button {\n        background-color: #E6B05F;\n        color: white;\n        border: none;\n        padding: 10px 20px;\n        border-radius: 4px;\n        cursor: pointer;\n        font-size: 1em;\n    }\n    .search-section h1 {\n        color: #333;\n        margin-bottom: 10px;\n    }\n    .search-section p {\n        margin-bottom: 20px;\n        color: #666;\n    }\n    .search-section form {\n        display: flex;\n        flex-direction: column;\n        gap: 10px;\n    }\n    .search-section input[type=\"text\"] {\n        flex-grow: 1;\n        padding: 10px;\n        border: 1px solid #ddd;\n        border-radius: 4px;\n    }\n    .search-section button {\n        background-color: #E6B05F;\n        color: white;\n        border: none;\n        padding: 10px;\n        border-radius: 4px;\n        cursor: pointer;\n        font-size: 1em;\n    }\n\n    @media (min-width: 768px) {\n        .comparison-content {\n            grid-template-columns: repeat(2, 1fr);\n        }\n        .search-section form {\n            flex-direction: row;\n        }\n    }\n<\/style>\n\n<p><strong>Vitajte na str\u00e1nke comparison.verteco.shop<\/strong><\/p>\n\n<p>Objavte bezprobl\u00e9mov\u00fd sp\u00f4sob vyh\u013ead\u00e1vania a porovn\u00e1vania produktov od viacer\u00fdch obchodn\u00edkov na jednom mieste. V\u010faka na\u0161ej platforme CSS (Comparison Shopping Service) je vyh\u013ead\u00e1vanie najlep\u0161\u00edch pon\u00fak a prij\u00edmanie informovan\u00fdch n\u00e1kupn\u00fdch rozhodnut\u00ed jednoduch\u0161ie ako kedyko\u013evek predt\u00fdm.<\/p>\n\n<p><strong>Vyh\u013ead\u00e1vanie a porovn\u00e1vanie<\/strong><\/p>\n\n<p>Pomocou pokro\u010dil\u00e9ho vyh\u013ead\u00e1vania m\u00f4\u017eete presk\u00fama\u0165 tis\u00edce produktov zo \u0161irokej \u0161k\u00e1ly kateg\u00f3ri\u00ed. Porovnajte si ceny, pre\u010d\u00edtajte si recenzie a n\u00e1jdite najlep\u0161ie ponuky od r\u00f4znych obchodn\u00edkov, ktor\u00e9 s\u00fa pohodlne zobrazen\u00e9 na na\u0161ej str\u00e1nke.<\/p>\n\n<p><strong>U\u0161etrite viac s na\u0161\u00edm programom CSS<\/strong><\/p>\n\n<p>Pomocou na\u0161ej platformy CSS m\u00f4\u017eete z\u00edska\u0165 v\u00fdrazn\u00e9 \u00faspory na n\u00e1kupn\u00fdch reklam\u00e1ch Google. Vyu\u017eite a\u017e o 20 % vy\u0161\u0161iu n\u00e1v\u0161tevnos\u0165 bez zv\u00fd\u0161enia rozpo\u010dtu na reklamu v\u010faka \u00fa\u010dinnosti n\u00e1\u0161ho programu CSS.<\/p>\n\n<p><strong>Ako funguje na\u0161a platforma CSS<\/strong><\/p>\n\n<p>Spolo\u010dnos\u0165 Google vytvorila slu\u017ebu porovn\u00e1vania n\u00e1kupov (CSS) v roku 2017 s cie\u013eom diverzifikova\u0165 v\u00fdsledky vyh\u013ead\u00e1vania pre reklamy s ponukou produktov (PLA), zn\u00e1me aj ako n\u00e1kupn\u00e9 reklamy Google. Na\u0161a platforma CSS vyu\u017e\u00edva tento syst\u00e9m na efekt\u00edvnej\u0161iu prezent\u00e1ciu va\u0161ich produktov a predstavuje n\u00e1kladovo efekt\u00edvnu alternat\u00edvu k tradi\u010dn\u00fdm n\u00e1kupom Google.<\/p>\n\n<p><strong>Pre\u010do si vybra\u0165 Comparison.verteco.shop?<\/strong><\/p>\n\n<ul class=\"wp-block-list\">\n<li><strong>Komplexn\u00e9 zoznamy produktov:<\/strong> Pr\u00edstup k \u0161irokej \u0161k\u00e1le produktov od viacer\u00fdch obchodn\u00edkov na jednom mieste.<\/li>\n\n\n\n<li><strong>\u00daspora n\u00e1kladov:<\/strong> Pomocou n\u00e1\u0161ho programu CSS u\u0161etr\u00edte a\u017e 20 % n\u00e1kladov na n\u00e1kupn\u00e9 reklamy v Google.<\/li>\n\n\n\n<li><strong>Pou\u017e\u00edvate\u013esky pr\u00edvetiv\u00e9 rozhranie:<\/strong> Na\u0161a platforma je navrhnut\u00e1 pre jednoduch\u00fa navig\u00e1ciu, ktor\u00e1 u\u013eah\u010duje vyh\u013ead\u00e1vanie a porovn\u00e1vanie produktov.<\/li>\n\n\n\n<li><strong>D\u00f4veryhodn\u00ed obchodn\u00edci:<\/strong> Spolupracujeme so spo\u013eahliv\u00fdmi obchodn\u00edkmi, aby sme v\u00e1m zabezpe\u010dili pr\u00edstup k vysokokvalitn\u00fdm produktom a d\u00f4veryhodn\u00fdm slu\u017eb\u00e1m.<\/li>\n<\/ul>\n\n<p><strong>Za\u010dnite s Comparison.verteco.shop<\/strong><\/p>\n\n<ol class=\"wp-block-list\">\n<li><strong>Vyh\u013ead\u00e1vanie produktov:<\/strong> Pou\u017eite n\u00e1\u0161 vyh\u013ead\u00e1vac\u00ed panel na vyh\u013eadanie po\u017eadovan\u00fdch produktov.<\/li>\n\n\n\n<li><strong>Porovnanie cien a funkci\u00ed:<\/strong> Zobrazte si podrobn\u00e9 inform\u00e1cie o produkte a porovnajte ponuky r\u00f4znych obchodn\u00edkov.<\/li>\n\n\n\n<li><strong>U\u0161etrite na n\u00e1kupoch:<\/strong> Vyu\u017eite najlep\u0161ie ponuky a v\u00fdrazne u\u0161etrite na svojich n\u00e1kupoch.<\/li>\n<\/ol>\n\n<p><strong>Pripojte sa k na\u0161ej komunite<\/strong><\/p>\n\n<p>Zaregistrujte sa e\u0161te dnes a za\u010dnite \u0161etri\u0165 v\u00fddavky na n\u00e1kupy. \u010ci u\u017e ste spotrebite\u013e, ktor\u00fd h\u013ead\u00e1 najlep\u0161ie ponuky, alebo obchodn\u00edk, ktor\u00fd chce prezentova\u0165 svoje produkty, Comparison.verteco.shop je pre v\u00e1s ide\u00e1lnou platformou.<\/p>\n\n<p><strong>Kontaktujte n\u00e1s<\/strong><\/p>\n\n<p>Ak m\u00e1te ak\u00e9ko\u013evek ot\u00e1zky alebo potrebujete pomoc, obr\u00e1\u0165te sa na n\u00e1\u0161 t\u00edm podpory. Sme tu, aby sme v\u00e1m pomohli \u010do najlep\u0161ie vyu\u017ei\u0165 na\u0161u platformu CSS.<\/p>\n\n<p><strong>Zosta\u0148te v spojen\u00ed<\/strong><\/p>\n\n<p>Sledujte n\u00e1s na soci\u00e1lnych sie\u0165ach a prihl\u00e1ste sa na odber n\u00e1\u0161ho newslettera, aby ste boli informovan\u00ed o najnov\u0161\u00edch ponuk\u00e1ch a porovnaniach produktov.<\/p>\n","protected":false},"excerpt":{"rendered":"<p>Presk\u00famajte mili\u00f3ny produktov z tis\u00edcov eur\u00f3pskych obchodov! Search Get a discount of up to 20% on Google Shopping ads 20% Learn more Price comparison Find the best price for thousands of products from hundreds of stores. Search Vitajte na str\u00e1nke comparison.verteco.shop Objavte bezprobl\u00e9mov\u00fd sp\u00f4sob vyh\u013ead\u00e1vania a porovn\u00e1vania produktov od viacer\u00fdch obchodn\u00edkov na jednom mieste. V\u010faka [&hellip;]<\/p>\n","protected":false},"author":1,"featured_media":0,"parent":0,"menu_order":0,"comment_status":"closed","ping_status":"closed","template":"","meta":{"footnotes":""},"class_list":["post-359019","page","type-page","status-publish","hentry"],"_links":{"self":[{"href":"https:\/\/comparison.verteco.shop\/sk\/wp-json\/wp\/v2\/pages\/359019","targetHints":{"allow":["GET"]}}],"collection":[{"href":"https:\/\/comparison.verteco.shop\/sk\/wp-json\/wp\/v2\/pages"}],"about":[{"href":"https:\/\/comparison.verteco.shop\/sk\/wp-json\/wp\/v2\/types\/page"}],"author":[{"embeddable":true,"href":"https:\/\/comparison.verteco.shop\/sk\/wp-json\/wp\/v2\/users\/1"}],"replies":[{"embeddable":true,"href":"https:\/\/comparison.verteco.shop\/sk\/wp-json\/wp\/v2\/comments?post=359019"}],"version-history":[{"count":2,"href":"https:\/\/comparison.verteco.shop\/sk\/wp-json\/wp\/v2\/pages\/359019\/revisions"}],"predecessor-version":[{"id":359053,"href":"https:\/\/comparison.verteco.shop\/sk\/wp-json\/wp\/v2\/pages\/359019\/revisions\/359053"}],"wp:attachment":[{"href":"https:\/\/comparison.verteco.shop\/sk\/wp-json\/wp\/v2\/media?parent=359019"}],"curies":[{"name":"wp","href":"https:\/\/api.w.org\/{rel}","templated":true}]}}