{"id":359011,"date":"2024-06-06T14:28:17","date_gmt":"2024-06-06T14:28:17","guid":{"rendered":"https:\/\/comparison.verteco.shop\/verteco-shop-jamforelsetjanst-for-shopping\/"},"modified":"2024-09-19T16:49:03","modified_gmt":"2024-09-19T16:49:03","slug":"verteco-shop-jamforelsetjanst-for-shopping","status":"publish","type":"page","link":"https:\/\/comparison.verteco.shop\/sv\/","title":{"rendered":"verteco.shop j\u00e4mf\u00f6relsetj\u00e4nst f\u00f6r shopping"},"content":{"rendered":"\n<hr class=\"wp-block-separator has-alpha-channel-opacity\"\/>\n\n<p class=\"has-text-align-center\"><strong>Utforska miljontals produkter fr\u00e5n tusentals europeiska butiker!<\/strong><\/p>\n\n<section class=\"top-page-search-button\">\n    <form action=\"\/?s=\" method=\"get\">\n        <input type=\"text\" name=\"s\" placeholder=\"Search\"\/>\n        <button type=\"submit\">Search<\/button>\n    <\/form>\n<\/section>\n\n<style>\n    .top-page-search-button {\n        display: flex;\n        align-items: center;\n        justify-content: center;\n        height: 10vh;\n    }\n\n    .top-page-search-button form {\n        display: flex;\n        align-items: center;\n        flex-direction: column; \/* Centers elements in a column *\/\n    }\n\n    .top-page-search-button input[type=\"text\"] {\n        width: 300px;\n        padding: 10px;\n        font-size: 18px;\n        border: 2px solid #ccc;\n        border-radius: 5px;\n        margin-bottom: 10px; \/* Add space below the input *\/\n    }\n\n    .top-page-search-button button {\n        padding: 10px 20px;\n        font-size: 18px;\n        background-color: #F2A93B;\n        color: white;\n        border: none;\n        border-radius: 5px;\n        cursor: pointer;\n        transition: background-color 0.3s ease;\n    }\n\n    .top-page-search-button button:hover {\n        background-color: #0056b3;\n    }\n<\/style>\n\n<main class=\"comparison-main\"><div class=\"comparison-content\"><section class=\"discount-section\"><img decoding=\"async\" src=\"https:\/\/comparison.verteco.shop\/wp-content\/uploads\/2024\/06\/google-css-partner-logo.png\" alt=\"Google CSS Partner\"\/><p>Get a discount of up to 20% on Google Shopping ads<\/p><div class=\"discount\">20%<\/div><p><a target=\"_blank\" rel=\"noopener noreferrer\" href=\"https:\/\/verteco.shop\/en\/\"><button>Learn more<\/button><\/a><\/p><\/section><section class=\"search-section\"><h1>Price comparison<\/h1><p>Find the best price for thousands of products from hundreds of stores.<\/p><form action=\"\/?s=\" method=\"get\"><input type=\"text\" name=\"s\" placeholder=\"Search\"\/><button type=\"submit\">Search<\/button><\/form><\/section><\/div><\/main><style>.comparison-body, .comparison-html {\n        margin: 0;\n        padding: 0;\n        font-family: 'Arial', sans-serif;\n        background-color: #f8f8f8;\n    }\n    .video-section {\n        display: flex;\n        align-items: center;\n        justify-content: center;\n        height: 100%;\n        padding-top: 10px;\n        padding-bottom: 1px;\n    }\n    .comparison-main {\n        display: flex;\n        justify-content: center;\n        align-items: center;\n        padding: 20px;\n    }\n    .comparison-content {\n        max-width: 1200px;\n        width: 100%;\n        display: grid;\n        grid-template-columns: 1fr;\n        gap: 20px;\n    }\n    .discount-section, .search-section {\n        background-color: white;\n        text-align: center;\n        padding: 20px;\n        border-radius: 8px;\n        box-shadow: 0 4px 8px rgba(0,0,0,0.1);\n    }\n    .discount-section img {\n        max-width: 100px;\n        margin-bottom: 20px;\n    }\n    .discount-section p {\n        margin-bottom: 10px;\n        font-size: 1.2em;\n    }\n    .discount {\n        font-size: 3em;\n        font-weight: bold;\n        color: #E6B05F;\n        margin: 20px 0;\n    }\n    .discount-section button {\n        background-color: #E6B05F;\n        color: white;\n        border: none;\n        padding: 10px 20px;\n        border-radius: 4px;\n        cursor: pointer;\n        font-size: 1em;\n    }\n    .search-section h1 {\n        color: #333;\n        margin-bottom: 10px;\n    }\n    .search-section p {\n        margin-bottom: 20px;\n        color: #666;\n    }\n    .search-section form {\n        display: flex;\n        flex-direction: column;\n        gap: 10px;\n    }\n    .search-section input[type=\"text\"] {\n        flex-grow: 1;\n        padding: 10px;\n        border: 1px solid #ddd;\n        border-radius: 4px;\n    }\n    .search-section button {\n        background-color: #E6B05F;\n        color: white;\n        border: none;\n        padding: 10px;\n        border-radius: 4px;\n        cursor: pointer;\n        font-size: 1em;\n    }\n\n    @media (min-width: 768px) {\n        .comparison-content {\n            grid-template-columns: repeat(2, 1fr);\n        }\n        .search-section form {\n            flex-direction: row;\n        }\n    }\n<\/style>\n\n<p><strong>V\u00e4lkommen till j\u00e4mf\u00f6relse.verteco.shop<\/strong><\/p>\n\n<p>Uppt\u00e4ck ett smidigt s\u00e4tt att s\u00f6ka efter och j\u00e4mf\u00f6ra produkter fr\u00e5n flera olika handlare p\u00e5 ett och samma st\u00e4lle. V\u00e5r plattform f\u00f6r Comparison Shopping Service (CSS) g\u00f6r det enklare \u00e4n n\u00e5gonsin att hitta de b\u00e4sta erbjudandena och fatta v\u00e4lgrundade k\u00f6pbeslut.<\/p>\n\n<p><strong>S\u00f6k och j\u00e4mf\u00f6r<\/strong><\/p>\n\n<p>Anv\u00e4nd v\u00e5r avancerade s\u00f6kfunktion f\u00f6r att utforska tusentals produkter fr\u00e5n ett brett utbud av kategorier. J\u00e4mf\u00f6r priser, l\u00e4s recensioner och hitta de b\u00e4sta erbjudandena fr\u00e5n olika handlare, allt visas bekv\u00e4mt p\u00e5 v\u00e5r webbplats.<\/p>\n\n<p><strong>Spara mer med v\u00e5rt CSS-program<\/strong><\/p>\n\n<p>Genom att anv\u00e4nda v\u00e5r CSS-plattform kan du dra nytta av betydande besparingar p\u00e5 Google Shopping Ads. F\u00e5 upp till 20 % mer trafik utan att \u00f6ka din annonsbudget tack vare effektiviteten i v\u00e5rt CSS-program.<\/p>\n\n<p><strong>Hur v\u00e5r CSS-plattform fungerar<\/strong><\/p>\n\n<p>Google skapade Comparison Shopping Service (CSS) 2017 f\u00f6r att diversifiera s\u00f6kresultaten f\u00f6r Product Listing Ads (PLA), \u00e4ven k\u00e4nda som Google Shopping Ads. V\u00e5r CSS-plattform utnyttjar detta system f\u00f6r att visa upp dina produkter p\u00e5 ett mer effektivt s\u00e4tt, vilket ger ett kostnadseffektivt alternativ till traditionell Google Shopping.<\/p>\n\n<p><strong>Varf\u00f6r v\u00e4lja Comparison.verteco.shop?<\/strong><\/p>\n\n<ul class=\"wp-block-list\">\n<li><strong>Omfattande produktlistor:<\/strong> F\u00e5 tillg\u00e5ng till ett brett utbud av produkter fr\u00e5n flera olika handlare, allt p\u00e5 ett st\u00e4lle.<\/li>\n\n\n\n<li><strong>Kostnadsbesparingar:<\/strong> Spara upp till 20 % p\u00e5 dina Google Shopping-annonser genom att anv\u00e4nda v\u00e5rt CSS-program.<\/li>\n\n\n\n<li><strong>Anv\u00e4ndarv\u00e4nligt gr\u00e4nssnitt:<\/strong> V\u00e5r plattform \u00e4r utformad f\u00f6r enkel navigering, vilket g\u00f6r det enkelt att hitta och j\u00e4mf\u00f6ra produkter.<\/li>\n\n\n\n<li><strong>P\u00e5litliga handlare:<\/strong> Vi samarbetar med p\u00e5litliga handlare f\u00f6r att s\u00e4kerst\u00e4lla att du f\u00e5r tillg\u00e5ng till h\u00f6gkvalitativa produkter och p\u00e5litliga tj\u00e4nster.<\/li>\n<\/ul>\n\n<p><strong>Kom ig\u00e5ng med Comparison.verteco.shop<\/strong><\/p>\n\n<ol class=\"wp-block-list\">\n<li><strong>S\u00f6k efter produkter:<\/strong> Anv\u00e4nd v\u00e5rt s\u00f6kf\u00e4lt f\u00f6r att hitta de produkter du beh\u00f6ver.<\/li>\n\n\n\n<li><strong>J\u00e4mf\u00f6r priser och funktioner:<\/strong> Visa detaljerad produktinformation och j\u00e4mf\u00f6r erbjudanden fr\u00e5n olika handlare.<\/li>\n\n\n\n<li><strong>Spara p\u00e5 ink\u00f6p:<\/strong> Dra nytta av de b\u00e4sta erbjudandena och njut av betydande besparingar p\u00e5 dina ink\u00f6p.<\/li>\n<\/ol>\n\n<p><strong>G\u00e5 med i v\u00e5r gemenskap<\/strong><\/p>\n\n<p>Registrera dig idag f\u00f6r att b\u00f6rja spara p\u00e5 dina shoppingkostnader. Oavsett om du \u00e4r en konsument som letar efter de b\u00e4sta erbjudandena eller en handlare som vill visa upp dina produkter \u00e4r Comparison.verteco.shop den perfekta plattformen f\u00f6r dig.<\/p>\n\n<p><strong>Kontakta oss<\/strong><\/p>\n\n<p>Om du har n\u00e5gra fr\u00e5gor eller beh\u00f6ver hj\u00e4lp \u00e4r du v\u00e4lkommen att kontakta v\u00e5rt supportteam. Vi finns h\u00e4r f\u00f6r att hj\u00e4lpa dig att f\u00e5 ut mesta m\u00f6jliga av v\u00e5r CSS-plattform.<\/p>\n\n<p><strong>H\u00e5ll dig uppkopplad<\/strong><\/p>\n\n<p>F\u00f6lj oss p\u00e5 sociala medier och prenumerera p\u00e5 v\u00e5rt nyhetsbrev f\u00f6r att h\u00e5lla dig uppdaterad om de senaste erbjudandena och produktj\u00e4mf\u00f6relserna.<\/p>\n","protected":false},"excerpt":{"rendered":"<p>Utforska miljontals produkter fr\u00e5n tusentals europeiska butiker! Search Get a discount of up to 20% on Google Shopping ads 20% Learn more Price comparison Find the best price for thousands of products from hundreds of stores. Search V\u00e4lkommen till j\u00e4mf\u00f6relse.verteco.shop Uppt\u00e4ck ett smidigt s\u00e4tt att s\u00f6ka efter och j\u00e4mf\u00f6ra produkter fr\u00e5n flera olika handlare p\u00e5 [&hellip;]<\/p>\n","protected":false},"author":1,"featured_media":0,"parent":0,"menu_order":0,"comment_status":"closed","ping_status":"closed","template":"","meta":{"footnotes":""},"class_list":["post-359011","page","type-page","status-publish","hentry"],"_links":{"self":[{"href":"https:\/\/comparison.verteco.shop\/sv\/wp-json\/wp\/v2\/pages\/359011","targetHints":{"allow":["GET"]}}],"collection":[{"href":"https:\/\/comparison.verteco.shop\/sv\/wp-json\/wp\/v2\/pages"}],"about":[{"href":"https:\/\/comparison.verteco.shop\/sv\/wp-json\/wp\/v2\/types\/page"}],"author":[{"embeddable":true,"href":"https:\/\/comparison.verteco.shop\/sv\/wp-json\/wp\/v2\/users\/1"}],"replies":[{"embeddable":true,"href":"https:\/\/comparison.verteco.shop\/sv\/wp-json\/wp\/v2\/comments?post=359011"}],"version-history":[{"count":2,"href":"https:\/\/comparison.verteco.shop\/sv\/wp-json\/wp\/v2\/pages\/359011\/revisions"}],"predecessor-version":[{"id":359054,"href":"https:\/\/comparison.verteco.shop\/sv\/wp-json\/wp\/v2\/pages\/359011\/revisions\/359054"}],"wp:attachment":[{"href":"https:\/\/comparison.verteco.shop\/sv\/wp-json\/wp\/v2\/media?parent=359011"}],"curies":[{"name":"wp","href":"https:\/\/api.w.org\/{rel}","templated":true}]}}